{"id":5682,"date":"2013-04-01T15:37:54","date_gmt":"2013-04-01T15:37:54","guid":{"rendered":"https:\/\/viverospounou.com\/homepage\/"},"modified":"2021-08-31T15:35:27","modified_gmt":"2021-08-31T15:35:27","slug":"homepage","status":"publish","type":"page","link":"https:\/\/viverospounou.com\/de\/","title":{"rendered":"Viveros Pou Nou"},"content":{"rendered":"<div id='layer_slider_1'  class='avia-layerslider main_color avia-shadow  avia-builder-el-0  el_before_av_section  avia-builder-el-first  container_wrap sidebar_right' style='  height: 471px;' ><\/div>\n<div id='av_section_1'  class='avia-section main_color avia-section-default avia-no-border-styling  avia-bg-style-scroll  avia-builder-el-1  el_after_av_layerslider  el_before_av_one_full   container_wrap sidebar_right' style='background-color: #fcfcfc;  '  ><div class='container' ><div class='template-page content  av-content-small alpha units'><div class='post-entry post-entry-type-page post-entry-5682'><div class='entry-content-wrapper clearfix'>\n<div class=\"flex_column av_one_full  flex_column_div av-zero-column-padding first  avia-builder-el-2  el_before_av_textblock  avia-builder-el-first  \" style='border-radius:0px; '><div  style='padding-bottom:10px; ' class='av-special-heading av-special-heading-h1  blockquote classic-quote  avia-builder-el-3  avia-builder-el-no-sibling  '><h1 class='av-special-heading-tag '  itemprop=\"headline\"  >Viveros Pou Nou &#8211; Gartencenter Mallorca<\/h1><div class='special-heading-border'><div class='special-heading-inner-border' ><\/div><\/div><\/div><\/div><section class=\"av_textblock_section \"  itemscope=\"itemscope\" itemtype=\"https:\/\/schema.org\/CreativeWork\" ><div class='avia_textblock  '   itemprop=\"text\" ><p><strong>Viveros Pou Nou<\/strong> ist in den siebziger Jahren als G\u00e4rtnerei und Baumschule angelegt worden. Mehrere Generationen der Gr\u00fcnderfamilie haben sich seither mit Hingabe den Blumen, Pflanzen, B\u00e4umen und Gartenanlagen gewidmet. F\u00fcr <strong>Mar\u00eda Sagreras<\/strong> war dies der ideale N\u00e4hrboden einer gro\u00dfen Liebe zur Natur. Sie spezialisierte sich auf das Entwerfen und Anlegen von mediterranen G\u00e4rten. Bis heute hat sie als Landschaftsarchitektin zahlreiche Gartenprojekte auf der ganzen Insel ausgef\u00fchrt.<\/p>\n<p>Jedes Projekt ist einzigartig, es regt unsere Kreativit\u00e4t an, einen Ort zu planen, an dem Architektur und Landschaft zusammengef\u00fchrt werden mit eigenem Stil und eigener Lebensart.<\/p>\n<p>Wir entwerfen nachhaltige und au\u00dfergew\u00f6hnlich sch\u00f6ne G\u00e4rten, die gleichzeitig pflegeleicht sind. Sehr gerne w\u00fcrden wir auch \u00fcber Ihr Projekt nachdenken. Z\u00f6gern Sie nicht, uns mit Ihren Fragestellungen zu kontaktieren: vpounou@gmail.com<\/p>\n<\/div><\/section>\n<div   class='hr hr-short hr-center   avia-builder-el-5  el_after_av_textblock  el_before_av_heading '><span class='hr-inner ' ><span class='hr-inner-style'><\/span><\/span><\/div>\n<div  style='padding-bottom:10px; ' class='av-special-heading av-special-heading-h2  blockquote classic-quote  avia-builder-el-6  el_after_av_hr  el_before_av_hr  '><h2 class='av-special-heading-tag '  itemprop=\"headline\"  >Unsere Projekte<\/h2><div class='special-heading-border'><div class='special-heading-inner-border' ><\/div><\/div><\/div>\n<div   class='hr hr-short hr-center   avia-builder-el-7  el_after_av_heading  el_before_av_portfolio  avia-builder-el-last '><span class='hr-inner ' ><span class='hr-inner-style'><\/span><\/span><\/div>\n<div  id=\"av-sc-portfolio-1\"  class=\"av-portfolio-grid-sorting-container\"><div class='sort_width_container  av-sort-yes' data-portfolio-id='1' ><div id='js_sort_items' ><div class='sort_by_cat hidden '><a href=\"#\" data-filter=\"all_sort\" class=\"all_sort_button active_sort\"><span class=\"inner_sort_button\"><span>Alle<\/span><small class=\"av-cat-count\"> 3 <\/small><\/span><\/a><span class='text-sep paisajismo-grupo-1_sort_sep'>\/<\/span><a href=\"#\" data-filter=\"paisajismo-grupo-1_sort\" class=\"paisajismo-grupo-1_sort_button\" ><span class=\"inner_sort_button\"><span>Grupo 1<\/span><small class='av-cat-count'> 3 <\/small><\/span><\/a><\/div><\/div><\/div><div  class=' grid-sort-container isotope   no_margin-container with-excerpt-container grid-total-odd grid-col-3 grid-links-' data-portfolio-id='1'><div data-ajax-id='6024' class=' grid-entry flex_column isotope-item all_sort no_margin post-entry post-entry-6024 grid-entry-overview grid-loop-1 grid-parity-odd  paisajismo-grupo-1_sort  av_one_third first default_av_fullwidth '><article class='main_color inner-entry'  itemscope=\"itemscope\" itemtype=\"https:\/\/schema.org\/CreativeWork\" ><a href=\"https:\/\/viverospounou.com\/de\/portfolio\/son-rierol\/\" title='Son Rierol'  data-rel='grid-1' class='grid-image avia-hover-fx'> <img width=\"495\" height=\"320\" src=\"https:\/\/viverospounou.com\/wp-content\/uploads\/2020\/10\/Diseno-Jardin-Son-Rierol-en-Mallorcajpg-495x320.jpg\" class=\"wp-image-4800 avia-img-lazy-loading-not-4800 attachment-portfolio size-portfolio wp-post-image\" alt=\"Gartengestaltung Son Rierol - Mallorca\" title=\"\"><\/a><div class='grid-content'><div class='avia-arrow'><\/div><header class=\"entry-content-header\"><h3 class='grid-entry-title entry-title '  itemprop=\"headline\" ><a href='https:\/\/viverospounou.com\/de\/portfolio\/son-rierol\/' title='Son Rierol'>Son Rierol<\/a><\/h3><\/header><\/div><footer class=\"entry-footer\"><\/footer><\/article><\/div><div data-ajax-id='6029' class=' grid-entry flex_column isotope-item all_sort no_margin post-entry post-entry-6029 grid-entry-overview grid-loop-2 grid-parity-even  paisajismo-grupo-1_sort  av_one_third  default_av_fullwidth '><article class='main_color inner-entry'  itemscope=\"itemscope\" itemtype=\"https:\/\/schema.org\/CreativeWork\" ><a href=\"https:\/\/viverospounou.com\/de\/portfolio\/can-bebo\/\" title='Can Bebo'  data-rel='grid-1' class='grid-image avia-hover-fx'> <img width=\"495\" height=\"320\" src=\"https:\/\/viverospounou.com\/wp-content\/uploads\/2020\/10\/Can-Bebo-pasajismo-Mallorca-portada-495x320.jpg\" class=\"wp-image-4851 avia-img-lazy-loading-not-4851 attachment-portfolio size-portfolio wp-post-image\" alt=\"Can Bebo Garten entworfen von Viveros Pou Nou - Landschaftsbauprojekte auf Mallorca\" title=\"\"><\/a><div class='grid-content'><div class='avia-arrow'><\/div><header class=\"entry-content-header\"><h3 class='grid-entry-title entry-title '  itemprop=\"headline\" ><a href='https:\/\/viverospounou.com\/de\/portfolio\/can-bebo\/' title='Can Bebo'>Can Bebo<\/a><\/h3><\/header><\/div><footer class=\"entry-footer\"><\/footer><\/article><\/div><div data-ajax-id='6031' class=' grid-entry flex_column isotope-item all_sort no_margin post-entry post-entry-6031 grid-entry-overview grid-loop-3 grid-parity-odd  post-entry-last  paisajismo-grupo-1_sort  av_one_third  default_av_fullwidth '><article class='main_color inner-entry'  itemscope=\"itemscope\" itemtype=\"https:\/\/schema.org\/CreativeWork\" ><a href=\"https:\/\/viverospounou.com\/de\/portfolio\/can-brera\/\" title='Can Brera'  data-rel='grid-1' class='grid-image avia-hover-fx'> <img width=\"495\" height=\"320\" src=\"https:\/\/viverospounou.com\/wp-content\/uploads\/2020\/10\/Can-Brera-paisajismo-Mallorca-portada-495x320.jpg\" class=\"wp-image-5150 avia-img-lazy-loading-not-5150 attachment-portfolio size-portfolio wp-post-image\" alt=\"Fotos Design und Bau des Gartens in Can Brera - Mallorca - Viveros Pou Nou - Landschaftsarchitektin: Maria Sagreras\" title=\"\"><\/a><div class='grid-content'><div class='avia-arrow'><\/div><header class=\"entry-content-header\"><h3 class='grid-entry-title entry-title '  itemprop=\"headline\" ><a href='https:\/\/viverospounou.com\/de\/portfolio\/can-brera\/' title='Can Brera'>Can Brera<\/a><\/h3><\/header><\/div><footer class=\"entry-footer\"><\/footer><\/article><\/div><\/div><\/div>   <!--   class=\"av-portfolio-grid-sorting-container\"  -->\n<div   class='hr hr-short hr-center   avia-builder-el-9  el_after_av_portfolio  el_before_av_heading  avia-builder-el-first '><span class='hr-inner ' ><span class='hr-inner-style'><\/span><\/span><\/div>\n<div  style='padding-bottom:10px; ' class='av-special-heading av-special-heading-h3  blockquote classic-quote  avia-builder-el-10  el_after_av_hr  el_before_av_hr  av-linked-heading '><h3 class='av-special-heading-tag '  itemprop=\"headline\"  ><a href=\"https:\/\/viverospounou.com\/de\/landschaftsgestaltung-gartengestaltung-mallorca\/\">Alle projecte<\/a><\/h3><div class='special-heading-border'><div class='special-heading-inner-border' ><\/div><\/div><\/div>\n<div   class='hr hr-short hr-center   avia-builder-el-11  el_after_av_heading  avia-builder-el-last '><span class='hr-inner ' ><span class='hr-inner-style'><\/span><\/span><\/div>\n<\/div><\/div><\/div><!-- close content main div --><\/div><\/div><div id='after_section_1'  class='main_color av_default_container_wrap container_wrap sidebar_right' style=' '  ><div class='container' ><div class='template-page content  av-content-small alpha units'><div class='post-entry post-entry-type-page post-entry-5682'><div class='entry-content-wrapper clearfix'><div class=\"flex_column av_one_full  flex_column_div av-zero-column-padding first  avia-builder-el-12  el_after_av_section  el_before_av_one_half  avia-builder-el-first  \" style='border-radius:0px; '><div  style='padding-bottom:10px; ' class='av-special-heading av-special-heading-h3  blockquote classic-quote  avia-builder-el-13  avia-builder-el-no-sibling  '><h3 class='av-special-heading-tag '  itemprop=\"headline\"  >Wo alles beginnt<\/h3><div class='special-heading-border'><div class='special-heading-inner-border' ><\/div><\/div><\/div><\/div><\/p>\n<div class=\"flex_column av_one_half  flex_column_div av-zero-column-padding first  avia-builder-el-14  el_after_av_one_full  el_before_av_one_half  column-top-margin\" style='border-radius:0px; '><section class=\"av_textblock_section \"  itemscope=\"itemscope\" itemtype=\"https:\/\/schema.org\/CreativeWork\" ><div class='avia_textblock  '   itemprop=\"text\" ><p>Das Gartenzentrum liegt am Ortsrand von Porreres. Auf einem Gel\u00e4nde von 35.000 Quadratmetern finden Sie eine gro\u00dfe Auswahl an Pflanzen f\u00fcr Garten und Terrasse. Von bl\u00fchenden Topfpflanzen bis zu ausgewachsenen B\u00e4umen pflegen wir lebendiges Gr\u00fcn f\u00fcr jeden Geschmack. Viele Geh\u00f6lze kultivieren wir selbst, einige stehen schon seit \u00fcber drei\u00dfig Jahren in unserer Anlage.<\/p>\n<p>Erden, Pflanzt\u00f6pfe und Gartenzubeh\u00f6r geh\u00f6ren genauso zu unserem Angebot wie frische Schnittblumen aus unseren Gew\u00e4chsh\u00e4usern.<\/p>\n<p>Ein professionelles Team steht unseren Kunden bei der Auswahl zur Seite und ber\u00e4t Sie gerne.<\/p>\n<\/div><\/section><\/div>\n<div class=\"flex_column av_one_half  flex_column_div av-zero-column-padding   avia-builder-el-16  el_after_av_one_half  avia-builder-el-last  column-top-margin\" style='border-radius:0px; '><div  class='avia-image-container  av-styling-    avia-builder-el-17  avia-builder-el-no-sibling  avia-align-center '  itemprop=\"image\" itemscope=\"itemscope\" itemtype=\"https:\/\/schema.org\/ImageObject\"  ><div class='avia-image-container-inner'><div class='avia-image-overlay-wrap'><img loading=\"lazy\" class='wp-image-5692 avia-img-lazy-loading-5692 avia_image' src=\"https:\/\/viverospounou.com\/wp-content\/uploads\/2020\/10\/viveros-pou-nou-garten-zentrum-mallorca.jpg\" alt='Garden Zentrum Mallorca' title='viveros-pou-nou-garten-zentrum-mallorca' height=\"533\" width=\"800\"  itemprop=\"thumbnailUrl\" srcset=\"https:\/\/viverospounou.com\/wp-content\/uploads\/2020\/10\/viveros-pou-nou-garten-zentrum-mallorca.jpg 800w, https:\/\/viverospounou.com\/wp-content\/uploads\/2020\/10\/viveros-pou-nou-garten-zentrum-mallorca-300x200.jpg 300w, https:\/\/viverospounou.com\/wp-content\/uploads\/2020\/10\/viveros-pou-nou-garten-zentrum-mallorca-768x512.jpg 768w, https:\/\/viverospounou.com\/wp-content\/uploads\/2020\/10\/viveros-pou-nou-garten-zentrum-mallorca-705x470.jpg 705w\" sizes=\"(max-width: 800px) 100vw, 800px\" \/><\/div><\/div><\/div><\/div>\n","protected":false},"excerpt":{"rendered":"<p>This is a Page excerpt. It will be displayed for search results<\/p>\n","protected":false},"author":1,"featured_media":0,"parent":0,"menu_order":0,"comment_status":"open","ping_status":"open","template":"","meta":[],"_links":{"self":[{"href":"https:\/\/viverospounou.com\/de\/wp-json\/wp\/v2\/pages\/5682\/"}],"collection":[{"href":"https:\/\/viverospounou.com\/de\/wp-json\/wp\/v2\/pages\/"}],"about":[{"href":"https:\/\/viverospounou.com\/de\/wp-json\/wp\/v2\/types\/page\/"}],"author":[{"embeddable":true,"href":"https:\/\/viverospounou.com\/de\/wp-json\/wp\/v2\/users\/1\/"}],"replies":[{"embeddable":true,"href":"https:\/\/viverospounou.com\/de\/wp-json\/wp\/v2\/comments\/?post=5682"}],"version-history":[{"count":1,"href":"https:\/\/viverospounou.com\/de\/wp-json\/wp\/v2\/pages\/5682\/revisions\/"}],"predecessor-version":[{"id":6488,"href":"https:\/\/viverospounou.com\/de\/wp-json\/wp\/v2\/pages\/5682\/revisions\/6488\/"}],"wp:attachment":[{"href":"https:\/\/viverospounou.com\/de\/wp-json\/wp\/v2\/media\/?parent=5682"}],"curies":[{"name":"wp","href":"https:\/\/api.w.org\/{rel}","templated":true}]}}