{"id":5704,"date":"2020-10-22T11:59:04","date_gmt":"2020-10-22T11:59:04","guid":{"rendered":"https:\/\/viverospounou.com\/aviso-legal\/"},"modified":"2020-10-28T11:58:46","modified_gmt":"2020-10-28T11:58:46","slug":"nutzungsbedingungen","status":"publish","type":"page","link":"https:\/\/viverospounou.com\/de\/nutzungsbedingungen\/","title":{"rendered":"Nutzungsbedingungen"},"content":{"rendered":"\n<h2>Nutzungsbedingungen<\/h2>\n\n\n\n<p>A, Gem\u00e4ss der Artikel 10 und 11 des Gesetzes 34\/2002, vom 11. Juli, f\u00fcr Gesellschaftsdienste f\u00fcr Information und elektronischer Handel, wird den Benutzern und Besuchern der gesetzlichen Information bez\u00fcglich des Eigent\u00fcmerverbandes der Web, die auf der Internetadresse viverospounou.com zu finden ist.<\/p>\n\n\n\n<p><strong>RECHTLICHE HINWEISE<\/strong><\/p>\n\n\n\n<p>Titeltr\u00e4ger der Webseite: Firmenbezeichnung: Vivers Pou Nou SAT mit CIF: V07201999, eingetragen im Handelsregister von Islas Baleares E-Mail-Adresse: vpounou@gmail.com Telefon: 971 647 407 AKTIVIT\u00c4T: Pflege von G\u00e4rten..<\/p>\n\n\n\n<p>Ordnungsgem\u00e4\u00dfe Verwendung der Website: viverospounou.com. Diese Nutzungsbedingungen regeln den Zugang und die Nutzung der Website viverospounou.com. Mit der Nutzung dieser Website werden Sie zum Nutzer und erkl\u00e4ren sich ab dem Zugriff auf gleich welche Inhalte dieser Website und\/oder den Anfang der Navigation auf dieser Website ausdr\u00fccklich mit den vorliegenden Allgemeinen Nutzungsbedingungen einverstanden. Gleichfalls akzeptieren Sie als Nutzer die Besonderen Nutzungsbedingungen, die die verschiedenen, von der Gesellschaft auf dieser Website angebotenen Dienstleistungen regeln.<\/p>\n\n\n\n<p>Ab dem Moment der Annahme der vorliegenden Allgemeinen Bedingungen verpflichtet sich der Nutzer zu einem zul\u00e4ssigen Gebrauch der Website, ihrer Inhalte und Dienstleistungen, in Einklang mit dem Gesetz, den allgemein anerkannten guten Sitten und der \u00f6ffentlichen Ordnung. Au\u00dferdem verpflichtet er sich, die der Natur der in Anspruch genommenen Website-Leistungen angemessene Sorgfalt walten zu lassen.<\/p>\n\n\n\n<p><strong>\u00c4NDERUNGEN:<\/strong> Die Gesellschaft beh\u00e4lt sich das Recht vor, die vorliegenden Nutzungsbedingungen einseitig, zu jedem Zeitpunkt und ohne vorherige Ank\u00fcndigung zu \u00e4ndern. In diesen F\u00e4llen werden die durchgef\u00fchrten \u00c4nderungen so fr\u00fch wie m\u00f6glich ver\u00f6ffentlicht und angek\u00fcndigt. Gleichfalls beh\u00e4lt sich die Gesellschaft das Recht vor, die Pr\u00e4sentation und die Konfiguration der Website einseitig, zu jedem Zeitpunkt und ohne vorherige Ank\u00fcndigung zu \u00e4ndern.<\/p>\n\n\n\n<p><strong>LINKS ZU WEBSITES VON DRITTEN:<\/strong> Die hier beschriebene Rechtliche Hinweise beziehen sich ausschlie\u00dflich auf die Inhalte der Gesellschaft und sind f\u00fcr verlinkte Websites von Dritten, die von dieser Website aus zugreifbar sind, nicht anwendbar. Betreffend der Inhalte jeglicher verlinkten Websites \u00fcbernimmt die Gesellschaft keine Haftung; gleichfalls \u00fcbernimmt sie keine Haftung f\u00fcr Links, die auf den verkn\u00fcpften Seiten zu finden sind.<\/p>\n\n\n\n<p><strong>GEISTIGES UND GEWERBLICHES EIGENTUM:<\/strong> Die exklusive Rechtsinhaberschaft aller Inhalte der Website liegt bei der Gesellschaft. Dies gilt ausdr\u00fccklich, aber nicht einschr\u00e4nkend, f\u00fcr das grafische Design, die Quellcodes, Logos, Texte, Grafiken, Illustrationen und sonstige Elemente, die auf der Website erscheinen. Ebenso sind alle Handelsnamen, Markenzeichen oder sonstige, in dieser Website enthaltene Erkennungsmerkmale jeder Art gem\u00e4\u00df dem Gesetz \u00fcber geistiges und gewerbliches Eigentum urheberrechtlich gesch\u00fctzt. Es steht der Gesellschaft zu, von den exklusiven Nutzungsrechten am erw\u00e4hnten geistigen und gewerblichen Eigentum in jeglicher Art und Weise Gebrauch zu machen, insbesondere was die Rechte zur Vervielf\u00e4ltigung, Verbreitung und \u00f6ffentlicher Kommunikation betrifft. Dem Nutzer ist es verboten, ohne vorherige Erlaubnis gleich welche Inhalte der Website ganz oder teilweise auf jeglicher Art zu benutzen, falls diese Teile des geistigen und gewerblichen Eigentums der Gesellschaft in Bezug auf diese Website und\/oder ihre Inhalte sind.<\/p>\n\n\n\n<p>Die Gesellschaft beh\u00e4lt sich das Recht vor, jegliche rechtliche Schritte gegen jeden Nutzer einzuleiten, der, durch jedwedes Verfahren, die Vervielf\u00e4ltigung, den Vertrieb, den Verkauf, die Umwandlung, oder generell jede Art der Nutzung des ganzen oder partiellen Inhalts dieser Website vornimmt, falls er\/sie damit gegen die Urheberrechte der Gesellschaft in Bezug auf die oben beschriebenen Inhalte der Website verst\u00f6\u00dft.<\/p>\n\n\n\n<p><strong>MITTEILUNGEN:<\/strong> Im Zusammenhang mit diesen allgemeinen Nutzungsbedingungen k\u00f6nnen gleich welche notwendigen Mitteilungen oder Kommunikationsverkehr zwischen der Gesellschaft und dem Nutzer mittels der E-Mail vpounou@gmail.com durchgef\u00fchrt werden. Die Mitteilungen der Gesellschaft gegen\u00fcber dem Nutzer werden aufgrund derjenigen Daten durchgef\u00fchrt, die der Nutzer bei der Registrierung auf der Website angegeben hat. Der Nutzer akzeptiert ausdr\u00fccklich den E-Mail-Weg als g\u00fcltigen Vorgang f\u00fcr das Zusenden jeglicher Mitteilungen in Zusammenhang mit der Nutzung der Website und\/oder der vertraglichen Vereinbarung der in ihr angebotenen Dienstleistungen.<\/p>\n\n\n\n<p><strong>GERICHTSSTAND UND G\u00dcLTIGE RECHTSSPRECHUNG:<\/strong> F\u00fcr alles, was in diesen Nutzungsbedingungen vorgesehen wird, sowie bei der Interpretation und der L\u00f6sung von m\u00f6glichen Konflikten zwischen den Vertragsparteien gilt das spanische Recht. Unter ausdr\u00fccklichem Verzicht auf die Gerichtsbarkeit, die Ihnen zustehen k\u00f6nnte, gilt f\u00fcr alle Streitfragen, die im Zusammenhang mit der Auslegung und Erf\u00fcllung der vorliegenden Nutzungsbedingungen entstehen k\u00f6nnten, der Gerichtsstand von Vivers Pou Nou SAT Viveros Pou Nou 2014 <\/p>\n","protected":false},"excerpt":{"rendered":"<p>Nutzungsbedingungen A, Gem\u00e4ss der Artikel 10 und 11 des Gesetzes 34\/2002, vom 11. Juli, f\u00fcr Gesellschaftsdienste f\u00fcr Information und elektronischer Handel, wird den Benutzern und Besuchern der gesetzlichen Information bez\u00fcglich des Eigent\u00fcmerverbandes der Web, die auf der Internetadresse viverospounou.com zu finden ist. RECHTLICHE HINWEISE Titeltr\u00e4ger der Webseite: Firmenbezeichnung: Vivers Pou Nou SAT mit CIF: V07201999, [&hellip;]<\/p>\n","protected":false},"author":1,"featured_media":0,"parent":0,"menu_order":0,"comment_status":"closed","ping_status":"closed","template":"","meta":[],"_links":{"self":[{"href":"https:\/\/viverospounou.com\/de\/wp-json\/wp\/v2\/pages\/5704\/"}],"collection":[{"href":"https:\/\/viverospounou.com\/de\/wp-json\/wp\/v2\/pages\/"}],"about":[{"href":"https:\/\/viverospounou.com\/de\/wp-json\/wp\/v2\/types\/page\/"}],"author":[{"embeddable":true,"href":"https:\/\/viverospounou.com\/de\/wp-json\/wp\/v2\/users\/1\/"}],"replies":[{"embeddable":true,"href":"https:\/\/viverospounou.com\/de\/wp-json\/wp\/v2\/comments\/?post=5704"}],"version-history":[{"count":0,"href":"https:\/\/viverospounou.com\/de\/wp-json\/wp\/v2\/pages\/5704\/revisions\/"}],"wp:attachment":[{"href":"https:\/\/viverospounou.com\/de\/wp-json\/wp\/v2\/media\/?parent=5704"}],"curies":[{"name":"wp","href":"https:\/\/api.w.org\/{rel}","templated":true}]}}