{"id":5706,"date":"2020-10-22T12:07:46","date_gmt":"2020-10-22T12:07:46","guid":{"rendered":"https:\/\/viverospounou.com\/politica-de-cookies\/"},"modified":"2020-11-26T18:08:40","modified_gmt":"2020-11-26T18:08:40","slug":"politik-cookies","status":"publish","type":"page","link":"https:\/\/viverospounou.com\/de\/politik-cookies\/","title":{"rendered":"Politik cookies"},"content":{"rendered":"\n<p><strong>Politik cookies<\/strong><\/p>\n\n\n\n<p>VIVERS POU NOU SAT mit CIF: V07201999, Adresse: C\/ Crist\u00f3bal Col\u00f3n, 26 \u2013 07260 \u2013 Porreres -Espa\u00f1a E-Mail-Adresse: vpounou@gmail.com.com. Telefon: 971 647 407 und Web: viverospounou.com &nbsp;informiert Sie als Nutzer dieser Website gem\u00e4\u00df Artikel 22.2 des Gesetzes 34\/2002 vom 11. Juli \u00fcber Dienstleistungen der Informationsgesellschaft und des elektronischen Handels (LSSI) ausdr\u00fccklich dar\u00fcber, dass zur Gew\u00e4hrleistung eines optimalen Surferlebnisses und zum Angebot der bestm\u00f6glichen Dienstleistungen auf dieser Site eigene und Drittanbieter-Cookies verwendet werden. Beim Surfen oder bei der Benutzung unserer Dienstleistungen akzeptiert der Nutzer ausdr\u00fccklich unsere Verwendung von Cookies. Nichtsdestotrotz verf\u00fcgt der Nutzer \u00fcber die M\u00f6glichkeit, die Setzung von Cookies zu verhindern oder die bereits gesetzten Cookies mithilfe der entsprechenden Option des Browsers zu l\u00f6schen. Wenn die Verwendung von Cookies durch den Browser blockiert wird, dann ist es m\u00f6glich, dass manche Dienstleistungen oder Funktionalit\u00e4ten der Website nicht zug\u00e4nglich sind.<\/p>\n\n\n\n<h2>A) Unter eigenen Cookies versteht man:<\/h2>\n\n\n\n<p>Cookies, die vom Server oder Domain, die der Website-Betreiber selbst verwaltet und von welchen er die vom Nutzer angeforderten Dienstleistungen anbietet, an die Datenendeinrichtung des Nutzers gesendet werden.<\/p>\n\n\n\n<p><strong>Was ist ein Cookie?<\/strong><\/p>\n\n\n\n<p>Ein Cookie ist eine Datei, die auf den Websites heruntergeladen wird, bzw. die bestimmte Websites zum Browser senden. Diese werden dann auf dem Benutzerendger\u00e4t gespeichert, welches ein Computer, ein Mobiltelefon, ein Tablet, usw. sein kann. Mithilfe dieser Dateien kann die Website Informationen \u00fcber Ihrem Besuch, sowie den bevorzugten Sprachen und Optionen speichern, was sp\u00e4ter erm\u00f6glicht, die Informationen \u00fcber das Browsen aufzurufen, das von Ihrem Benutzerendger\u00e4t aus gemacht wurde. Auf dieser Weise wird bestrebt, Ihren n\u00e4chsten Besuch auf der Website zu vereinfachen und diesen n\u00fctzlicher zu machen, indem der Inhalt nutzergerecht angepasst wird.<\/p>\n\n\n\n<p><strong>Wie werden Cookies genutzt?<\/strong><\/p>\n\n\n\n<p>Wenn Sie unsere Website besuchen, erkl\u00e4ren Sie sich damit einverstanden, dass Cookies auf Ihrem Endger\u00e4t installiert werden k\u00f6nnen, welche uns folgende Informationen zukommen lassen:<\/p>\n\n\n\n<ul><li>Statistische Daten \u00fcber die Benutzung der Website.<\/li><li>Log-in des Nutzers, um auf der Website angemeldet zu bleiben.<\/li><li>Bevorzugtes Format beim Zugriff von mobilen Ger\u00e4ten aus.<\/li><li>Die zuletzt get\u00e4tigten Suchanfragen bez\u00fcglich der Dienstleistungen der Website und Daten \u00fcber die Personalisierung dieser Dienstleistungen.<\/li><li>&nbsp;&nbsp;Auskunft \u00fcber die Werbung, die dem Nutzer gezeigt wird.<\/li><li>Auskunft \u00fcber die Umfragen, an denen der Nutzer teilgenommen hat.<\/li><li>Daten betreffend der Verbindung zu sozialen Netzwerken f\u00fcr diejenigen Nutzer, die durch ihr Facebook- oder Twitter-Account auf die Website zugreifen.<\/li><\/ul>\n\n\n\n<p><strong>Art der benutzten Cookies<\/strong><\/p>\n\n\n\n<p>1-Diese Website benutzt sowohl tempor\u00e4re Sitzungscookies (Session Cookies), wie auch permanente Cookies. Session Cookies speichern nur Daten w\u00e4hrend einer Sitzung, also w\u00e4hrend der Zeit, in der der Nutzer auf die Website zugreift. Permanente Cookies speichern Daten auf dem Benutzerendger\u00e4t, damit sie bei mehr als einer Sitzung zugreifbar und nutzbar sind. Sie werden \u00fcblicherweise benutzt, um Informationen zu speichern, deren Aufbewahrung nur f\u00fcr die vom Nutzer einmalig angeforderter Dienstleistung interessant ist.<\/p>\n\n\n\n<p>Abh\u00e4ngig vom Bearbeitungszweck der gesammelten Daten kann diese Website folgende Cookies verwenden:<\/p>\n\n\n\n<p><strong>Technische Cookies:<\/strong><\/p>\n\n\n\n<p>2-Technische Cookies: Cookies, die dem Nutzer das Surfen auf einer Website, Plattform oder Anwendung und die Nutzung der verschiedenen darin enthaltenen Optionen oder Dienstleistungen erm\u00f6glichen, wie zum Beispiel Kontrolle des Datenverkehrs und der Datenkommunikation, Identifizierung der Log-in-Daten, Zugriff auf Bereiche mit beschr\u00e4nktem Zugang, Speicherung der Bestandteile einer Bestellung, Abwicklung einer Kaufbestellung, Durchf\u00fchrung von Mitglieds- oder Teilnehmeranfragen f\u00fcr ein Event, Anwendung von Sicherheitsfunktionen w\u00e4hrend des Surfens, Abspeicherung von Inhalten f\u00fcr eine Video- oder Soundwiedergabe oder Verbreitung von Inhalten \u00fcber soziale Netzwerke.<\/p>\n\n\n\n<p><strong>Cookies zur Personalisierung der Nutzung:<\/strong><\/p>\n\n\n\n<p>3-Cookies zur Personalisierung der Nutzung: Cookies, die dem Nutzer den Zugriff auf Dienstleistungen gem\u00e4\u00df einiger allgemeinen Merkmale erm\u00f6glichen, die aufgrund einer Reihe von Kriterien auf dem Endger\u00e4t des Nutzers vorher festgelegt wurden, wie zum Beispiel Sprache, Art des benutzten Browsers, Ortung des Endger\u00e4ts und Einstellung des Standortes, von wo aus der Nutzer auf die Dienstleistungen zugreift.<\/p>\n\n\n\n<p><strong>Werbe-Cookies:<\/strong><\/p>\n\n\n\n<p>4-Werbe-Cookies: Cookies, die die h\u00f6chst zweckdienliche Verwaltung von Werbefl\u00e4chen erm\u00f6glichen, die gegebenenfalls vom Betreiber in einer Website, Plattform oder Anwendung einbezogen wurden, von wo aus der Website-Betreiber die erw\u00fcnschten Dienstleistungen erbringt. Diese Verwaltung erfolgt aufgrund der erhaltenen Informationen \u00fcber die bearbeiteten Inhalte oder der H\u00e4ufigkeit der Anzeigenschaltung.<\/p>\n\n\n\n<p><strong>Cookies f\u00fcr verhaltensbezogene Werbung:<\/strong><\/p>\n\n\n\n<p>5-Cookies f\u00fcr verhaltensbezogene Werbung: Cookies, die die h\u00f6chst zweckdienliche Verwaltung von Werbefl\u00e4chen erm\u00f6glichen, die gegebenenfalls vom Betreiber in einer Website, Plattform oder Anwendung einbezogen wurden, von wo aus der Website-Betreiber die erw\u00fcnschten Dienstleistungen erbringt. Durch st\u00e4ndige Beobachtung der Nutzungsgewohnheiten der Nutzer speichern diese Cookies Informationen \u00fcber deren Verhalten ab, was wiederum die Erstellung eines spezifischen Benutzerprofils zur Anzeige ma\u00dfgeschneiderter Werbung erm\u00f6glicht.<\/p>\n\n\n\n<p><strong>Cookies zur statistischen Auswertung:<\/strong><\/p>\n\n\n\n<p>6-Cookies zur statistischen Auswertung: Cookies, die das Tracking und die Analyse des Nutzungsverhaltens der Website-Nutzer erm\u00f6glichen. Die mithilfe dieser Cookies erfassten Informationen werden f\u00fcr das Messen der Aktivit\u00e4t einer Website, Plattform oder Anwendung benutzt, und um Surfprofile der Nutzer dieser Sites zu erstellen, mit dem Zweck, die angebotenen Dienstleistungen anhand der Nutzungsdaten zu verbessern.<\/p>\n\n\n\n<h2><strong>B) Drittanbieter-Cookies:<\/strong><\/h2>\n\n\n\n<p>1-Drittanbieter-Cookies: Cookies, die nicht vom Server oder Domain des Website-Betreibers selbst an die Datenendeinrichtung des Nutzers gesendet werden, sondern von Drittanbietern verwaltet werden, welche die erfassten Informationen selbst bearbeiten. Bei manchen Websites k\u00f6nnen fremde Cookies von Drittanbietern gesetzt werden, die die Verwaltung und Verbesserung der angebotenen Dienstleistungen erm\u00f6glichen, wie z. B. statistische Dienste von Google Analytics und Comscore.<\/p>\n\n\n\n<p><strong>Wie man \u2018Cookies\u2019 im Browser verwaltet?<\/strong><\/p>\n\n\n\n<p>Der Benutzer hat die M\u00f6glichkeit, zu erm\u00f6glichen, zu sperren oder die Cookies auf Ihrem Computer installiert beseitigen, indem Sie die Browser-Optionen auf Ihrem Terminal installiert konfigurieren.<\/p>\n\n\n\n<p><strong>DIE VERWENDUNG VON COOKIES VERWALTEN UND ABLEHNEN<\/strong><\/p>\n\n\n\n<p>Diese Website verwendet den Google Analytics-Dienst, um anonyme Statistiken \u00fcber die Nutzung der Website zu sammeln. Weitere Informationen zu den von <a href=\"https:\/\/developers.google.com\/analytics\/devguides\/collection\/analyticsjs\/cookie-usage\" class=\"rank-math-link\" target=\"_blank\" rel=\"noopener\">Google Analytics<\/a> verwendeten Cookies.<\/p>\n\n\n\n<p>Zu jeder Zeit k\u00f6nnen Sie die Browser-Einstellungen anpassen zu verwalten, ignorieren die Verwendung von Cookies und Sie werden vor heruntergeladen benachrichtigt.<\/p>\n\n\n\n<p>Sie k\u00f6nnen die Konfiguration anpassen, so auch, dass der Browser alle Cookies ablehnt oder nur die \u201eCookies\u201c Dritter. Sie k\u00f6nnen auch alle \u201cCookies\u201d l\u00f6schen, die sich bereits auf Ihrem Computer befinden.<\/p>\n\n\n\n<p>Dazu m\u00fcssen Sie bedenken, dass Sie die Konfiguration jeden separat Browser und Ger\u00e4te verwenden, anpassen, dass Sie da, wie wir fr\u00fcher erw\u00e4hnt haben, Cookies Mit dem Browser zugeordnet sind, nicht die Person.<\/p>\n\n\n\n<p>Wenn Sie Fragen zu diesem Cookie-Richtlinien, k\u00f6nnen Sie uns per E-Mail an vpounou@gmail.com Senden<\/p>\n\n\n\n<p>Google Chrome <a href=\"https:\/\/support.google.com\/chrome\/answer\/95647?hl=es-419\" target=\"_blank\" rel=\"noopener\">https:\/\/support.google.com\/chrome\/answer\/95647?hl=es-419<\/a><\/p>\n\n\n\n<p>Internet Explorer <a href=\"https:\/\/support.microsoft.com\/es-es\/help\/17442\/windows-internet-explorer-delete-manage-cookies#ie=ie-10\" target=\"_blank\" aria-label=\"https:\/\/support.microsoft.com\/es-es\/help\/17442\/windows-internet-explorer-delete-manage-cookies#ie=ie-10 (opens in a new tab)\" rel=\"noreferrer noopener\" class=\"rank-math-link\">https:\/\/support.microsoft.com\/es-es\/help\/17442\/windows-internet-explorer-delete-manage-cookies#ie=ie-10<\/a><\/p>\n\n\n\n<p>Mozilla Firefox<a href=\"https:\/\/support.mozilla.org\/es\/kb\/habilitar-y-deshabilitar-cookies-sitios-web-rastrear-preferencias?redirectlocale=es&amp;redirectslug=habilitar-y-deshabilitar-cookies-que-los-sitios-we\" target=\"_blank\" aria-label=\" https:\/\/support.mozilla.org\/es\/kb\/habilitar-y-deshabilitar-cookies-sitios-web-rastrear-preferencias?redirectlocale=es&amp;redirectslug=habilitar-y-deshabilitar-cookies-que-los-sitios-we (opens in a new tab)\" rel=\"noreferrer noopener\" class=\"rank-math-link\"> https:\/\/support.mozilla.org\/es\/kb\/habilitar-y-deshabilitar-cookies-sitios-web-rastrear-preferencias?redirectlocale=es&amp;redirectslug=habilitar-y-deshabilitar-cookies-que-los-sitios-we<\/a><\/p>\n\n\n\n<p>Apple Safari <a aria-label=\" (opens in a new tab)\" rel=\"noreferrer noopener\" href=\"https:\/\/support.apple.com\/es-es\/HT201265\" target=\"_blank\" class=\"rank-math-link\">https:\/\/support.apple.com\/es-es\/HT201265<\/a><\/p>\n\n\n\n<p>Wenn Sie Fragen zu diesem Cookie-Richtlinien, k\u00f6nnen Sie uns per E-Mail an vpounou@gmail.com Senden<\/p>\n","protected":false},"excerpt":{"rendered":"<p>Politik cookies VIVERS POU NOU SAT mit CIF: V07201999, Adresse: C\/ Crist\u00f3bal Col\u00f3n, 26 \u2013 07260 \u2013 Porreres -Espa\u00f1a E-Mail-Adresse: vpounou@gmail.com.com. Telefon: 971 647 407 und Web: viverospounou.com &nbsp;informiert Sie als Nutzer dieser Website gem\u00e4\u00df Artikel 22.2 des Gesetzes 34\/2002 vom 11. Juli \u00fcber Dienstleistungen der Informationsgesellschaft und des elektronischen Handels (LSSI) ausdr\u00fccklich dar\u00fcber, dass [&hellip;]<\/p>\n","protected":false},"author":1,"featured_media":0,"parent":0,"menu_order":0,"comment_status":"closed","ping_status":"closed","template":"","meta":[],"_links":{"self":[{"href":"https:\/\/viverospounou.com\/de\/wp-json\/wp\/v2\/pages\/5706\/"}],"collection":[{"href":"https:\/\/viverospounou.com\/de\/wp-json\/wp\/v2\/pages\/"}],"about":[{"href":"https:\/\/viverospounou.com\/de\/wp-json\/wp\/v2\/types\/page\/"}],"author":[{"embeddable":true,"href":"https:\/\/viverospounou.com\/de\/wp-json\/wp\/v2\/users\/1\/"}],"replies":[{"embeddable":true,"href":"https:\/\/viverospounou.com\/de\/wp-json\/wp\/v2\/comments\/?post=5706"}],"version-history":[{"count":1,"href":"https:\/\/viverospounou.com\/de\/wp-json\/wp\/v2\/pages\/5706\/revisions\/"}],"predecessor-version":[{"id":6475,"href":"https:\/\/viverospounou.com\/de\/wp-json\/wp\/v2\/pages\/5706\/revisions\/6475\/"}],"wp:attachment":[{"href":"https:\/\/viverospounou.com\/de\/wp-json\/wp\/v2\/media\/?parent=5706"}],"curies":[{"name":"wp","href":"https:\/\/api.w.org\/{rel}","templated":true}]}}