{"id":5711,"date":"2020-10-22T12:02:18","date_gmt":"2020-10-22T12:02:18","guid":{"rendered":"https:\/\/viverospounou.com\/politica-de-privacidad\/"},"modified":"2020-10-28T12:06:26","modified_gmt":"2020-10-28T12:06:26","slug":"datenschutzbestimmungen","status":"publish","type":"page","link":"https:\/\/viverospounou.com\/de\/datenschutzbestimmungen\/","title":{"rendered":"Datenschutzbestimmungen"},"content":{"rendered":"\n<p><strong>DATENSCHUTZBESTIMMUNGEN<\/strong><\/p>\n\n\n\n<ol><li>In \u00dcbereinstimmung mit dem Art. 13 und 14 der DSGVO werden Ihnen die folgenden Daten zur Verf\u00fcgung gestellt: VIVERS POU NOU SATLD mit CIF: F07201999, Adresse: C\/ Crist\u00f3bal Col\u00f3n, 26 \u2013 07260 \u2013 Porreres -Espa\u00f1a E-Mail-Adresse: vpounou@gmail.com.com. Telefon: 971 647 407.<\/li><\/ol>\n\n\n\n<p><strong>ZWECK DATENSCHUTZBEAUFTRAGTER KONTAKT<\/strong>.<\/p>\n\n\n\n<p>Bei \u00a0\u00a0VIVERS POU NOU SAT \u00a0behandeln wir die von Ihnen bereitgestellten Daten, um Dienstleistungen zu erbringen und\/oder um die Produkte zu verkaufen, die Sie \u00fcber unsere Webseite bestellen, und um das Senden von kommerziellen Informationen und Werbung zu verwalten. Um Ihnen Dienstleistungen entsprechend Ihren Interessen anbieten zu k\u00f6nnen, erstellen wir ein Gesch\u00e4ftsprofil auf Grundlage der bereitgestellten Daten. Die bereitgestellten personenbezogenen Daten werden w\u00e4hrend einer Frist von 5 Jahren ab dem letzten Vertragsabschluss und\/oder dem letzten Kauf Ihrerseits gespeichert, solange die Gesch\u00e4ftsbeziehung besteht und sofern Sie nicht ihre L\u00f6schung beantragen. Die bereitgestellten Daten werden gespeichert, sofern nicht die Einstellung der Aktivit\u00e4t beantragt wird. Es werden keine automatisierten Entscheidungen auf Grundlage des besagten Profils getroffen.<\/p>\n\n\n\n<p><strong>LEGITIMATION DER BEHANDLUNG<\/strong> \u00a0Die rechtliche Grundlage f\u00fcr die Behandlung Ihrer Daten ist die Erf\u00fcllung des Vertrags mittels des von Ihnen gem\u00e4\u00df dem Handelsgesetzbuch (C\u00f3digo de Comercio) und Zivilgesetzbuch (C\u00f3digo Civil) unterzeichneten Immobilienvermittlungsvertrags. Hinsichtlich des Sendens von kommerziellen Angeboten via Telekommunikation gilt das Gesetz \u00fcber Dienste der Informationsgesellschaft 34\/2002, Artikel 20 und 21. \u00a0Das prospektive Angebot von Produkten und Dienstleistungen beruht auf der Einwilligung, die von Ihnen erbeten wird. Keinesfalls wird bei einem Widerruf der Einwilligung der Kaufvertrag hinsichtlich des Produkts und\/oder der Erbringung der Dienstleistung ung\u00fcltig. Es ist obligatorisch, personenbezogene Daten bereitzustellen. Andernfalls kann die Dienstleistung nicht erbracht werden und\/oder das Produkt nicht verkauft werden und\/oder das gew\u00fcnschte Angebot nicht unterbreitet werden und das Senden kommerzieller Informationen nicht verwaltet werden. \u00a0\u00a0<\/p>\n\n\n\n<p><strong>EMPF\u00c4NGER (\u00dcBERLASSUNGEN ODER \u00dcBERTRAGUNGEN<\/strong>) Daten werden nicht an Dritte weitergegeben, sofern hierzu keine gesetzliche Verpflichtung besteht. Eine \u00dcbermittlung der Daten an Drittl\u00e4nder ist nicht vorgesehen. Es werden keine Entscheidungen hinsichtlich Anpassung, Garantien, geltenden Unternehmensrichtlinien oder spezifischen in Frage kommenden Umst\u00e4nden getroffen.<\/p>\n\n\n\n<p><strong>RECHTE DER INTERESSENTEN ODER BETROFFENEN<\/strong> Jede Person hat das Recht, eine Best\u00e4tigung dar\u00fcber zu erhalten, ob wir in \u00a0VIVERS POU NOU SAT personenbezogene Daten verarbeiten, die sie betreffen oder nicht. Interessenten haben das Recht auf Auskunft \u00fcber ihre personenbezogenen Daten, ebenso k\u00f6nnen Sie die Berichtigung der unrichtigen Daten beantragen oder ggf. deren L\u00f6schung, unter anderem dann, wenn die Daten nicht mehr f\u00fcr die Zwecke ben\u00f6tigt werden, f\u00fcr die sie erhoben wurden. Unter bestimmten Umst\u00e4nden k\u00f6nnen die Interessenten die Einschr\u00e4nkung der Verarbeitung ihrer Daten beantragen. In diesen F\u00e4llen werden wir sie nur f\u00fcr die Betreibung von oder Verteidigung gegen Beschwerden aufbewahren.Sie haben das Recht, einen Einspruch vor der Kontrollbeh\u00f6rde, der nationalen Datenschutzbeh\u00f6rde Spaniens, einzureichen. WWW.AGPD.ES<\/p>\n\n\n\n<ol start=\"2\"><li>\u00a0\u00a0Der Kunde gestattet ausdr\u00fccklich die Speicherung der personenbezogenen Daten, die w\u00e4hrend des Besuchs auf der Seite gesammelt werden oder durch das Ausf\u00fcllen jedweden Formulars bereitgestellt werden, sowie der Daten, die aus einer m\u00f6glichen Gesch\u00e4ftsbeziehung in den automatisierten Dateien bzgl. personenbezogener Daten anfallen, die im ersten Absatz genannt werden. W\u00e4hrend des Datensammlungsprozesses und an jedem Ort der Webseite, an dem personenbezogene Daten verlangt werden, wird der Kunde dar\u00fcber informiert, sei es mittels eines Hyperlinks oder durch entsprechende Informationen in dem Formular selbst, ob es obligatorisch ist, derartige personenbezogene Daten anzugeben. Von s\u00e4mtliche Kunden, die sich dazu entschlie\u00dfen, sich auf der Webseite unseres Unternehmens anzumelden, verlangen wir, die personenbezogenen Daten anzugeben, die f\u00fcr die gew\u00fcnschte Dienstleistung erforderlich sind, was nichts anderes als die Erbringung der auf der Webseite angebotenen Dienstleistungen und\/oder der Verkauf von auf der Webseite angebotenen Produkten ist.<\/li><li>\u00a0Der Kunde\/Benutzer kann hinsichtlich der Daten, die auf die im vorherigen Absatz genannten Weise erfasst wurden, die in den Artikeln 15 bis 21 der Verordnung (EU) 2016\/679 gew\u00e4hrten Rechte geltend machen, insbesondere die Rechte auf Zugriff, Berichtigung, L\u00f6schung, Beschr\u00e4nkung der Behandlung, Portabilit\u00e4t der Daten, Widerspruch und automatisierte Einzelentscheidungen, vorausgesetzt, dass dies anwendbar ist. Die im vorherigen Paragrafen genannten Rechte k\u00f6nnen von jedem Kunden mittels eines Formulars zur Aus\u00fcbung der Rechte wahrgenommen werden, das er von uns per E-Mail verlangt. Das unterzeichnete schriftliche Ersuchen kann per Post an nachstehende Adresse gesendet werden: \u00a0VIVERS POU NOU SAT , Sitz in STRASSE C\/ Cristobal Col\u00f3n , 26, 07260 \u2013 Porreres \u2013 Espa\u00f1a, in beiden F\u00e4llen ist eine Fotokopie des Personalausweises (DNI) des Kunden anzuh\u00e4ngen.<\/li><li>Die automatisierte Behandlung, welcher s\u00e4mtliche personenbezogenen Daten unterliegen, die in Folge einer Anfrage, einer Nutzung, eines Vertragsabschlusses hinsichtlich jedweden Produkts oder Dienstleistung sowie einer Transaktion oder einer Operation, welche \u00fcber diese Webseite abgewickelt werden, gesammelt werden, haben die Aufrechterhaltung der Vertragsbeziehung mit dem Inhaber dieser Webseite zum Hauptzweck.<\/li><li>Sie gestatten das Senden von Werbung hinsichtlich unserer Dienstleitungen und Produkte. Ihre personenbezogenen Daten werden zur Verwaltung des Sendens von Werbung auf herk\u00f6mmlichem oder elektronischem Wege genutzt. Die E-Mail-Adressen und personenbezogenen Daten, die Sie uns mittels des Kontaktformulars der Webseite bereitstellen, werden ausschlie\u00dflich dazu genutzt, um die Anfragen zu bearbeiten, die Sie uns auf diesem Wege senden. Hinsichtlich der Nutzung und Behandlung Ihrer personenbezogenen Daten zur Verwaltung des Sendens von Werbung gelten die Artikel 22.1 und 22.2 des Gesetzes 34\/2002 vom 11. Juli \u00fcber Dienste der Informationsgesellschaft und \u00fcber den elektronischen Gesch\u00e4ftsverkehr, welches Kraft des Artikels 4 des K\u00f6niglichen Gesetzesdekret 13\/2012 modifiziert wurde.<\/li><li>Die Gesellschaft garantiert die Vertraulichkeit der personenbezogenen Daten. Das Unternehmen und\/oder die Gesellschaft werden den zust\u00e4ndigen \u00f6ffentlichen Beh\u00f6rden jedoch die personenbezogenen Daten und s\u00e4mtliche weiteren Information offenlegen, \u00fcber welche es\/sie verf\u00fcgt oder welche \u00fcber sein\/ihr System zug\u00e4nglich sind und entsprechend der ggf. anwendbaren gesetzlichen Vorschriften und Richtlinien verlangt werden. Die personenbezogenen Daten k\u00f6nnen in den Dateien von VIVERS POU NOU SAT gespeichert werden, auch wenn die Beziehungen, die \u00fcber die Webseite des Unternehmens entstanden sind, enden. Dies erfolgt ausschlie\u00dflich zu den zuvor genannten Zwecken und allenfalls f\u00fcr die gesetzlich vorgeschriebenen Fristen f\u00fcr die Verwaltungs- und Justizbeh\u00f6rden.<\/li><\/ol>\n","protected":false},"excerpt":{"rendered":"<p>DATENSCHUTZBESTIMMUNGEN In \u00dcbereinstimmung mit dem Art. 13 und 14 der DSGVO werden Ihnen die folgenden Daten zur Verf\u00fcgung gestellt: VIVERS POU NOU SATLD mit CIF: F07201999, Adresse: C\/ Crist\u00f3bal Col\u00f3n, 26 \u2013 07260 \u2013 Porreres -Espa\u00f1a E-Mail-Adresse: vpounou@gmail.com.com. Telefon: 971 647 407. ZWECK DATENSCHUTZBEAUFTRAGTER KONTAKT. Bei \u00a0\u00a0VIVERS POU NOU SAT \u00a0behandeln wir die von Ihnen [&hellip;]<\/p>\n","protected":false},"author":1,"featured_media":0,"parent":0,"menu_order":0,"comment_status":"closed","ping_status":"closed","template":"","meta":[],"_links":{"self":[{"href":"https:\/\/viverospounou.com\/de\/wp-json\/wp\/v2\/pages\/5711\/"}],"collection":[{"href":"https:\/\/viverospounou.com\/de\/wp-json\/wp\/v2\/pages\/"}],"about":[{"href":"https:\/\/viverospounou.com\/de\/wp-json\/wp\/v2\/types\/page\/"}],"author":[{"embeddable":true,"href":"https:\/\/viverospounou.com\/de\/wp-json\/wp\/v2\/users\/1\/"}],"replies":[{"embeddable":true,"href":"https:\/\/viverospounou.com\/de\/wp-json\/wp\/v2\/comments\/?post=5711"}],"version-history":[{"count":0,"href":"https:\/\/viverospounou.com\/de\/wp-json\/wp\/v2\/pages\/5711\/revisions\/"}],"wp:attachment":[{"href":"https:\/\/viverospounou.com\/de\/wp-json\/wp\/v2\/media\/?parent=5711"}],"curies":[{"name":"wp","href":"https:\/\/api.w.org\/{rel}","templated":true}]}}