{"id":5712,"date":"2020-10-21T15:28:35","date_gmt":"2020-10-21T15:28:35","guid":{"rendered":"https:\/\/viverospounou.com\/prensa\/"},"modified":"2020-11-03T12:53:16","modified_gmt":"2020-11-03T12:53:16","slug":"aktuell","status":"publish","type":"page","link":"https:\/\/viverospounou.com\/de\/aktuell\/","title":{"rendered":"Aktuell"},"content":{"rendered":"<div  style='padding-bottom:10px; ' class='av-special-heading av-special-heading-h3    avia-builder-el-0  el_before_av_one_third  avia-builder-el-first  '><h3 class='av-special-heading-tag '  itemprop=\"headline\"  >Die besten Gartenfotos von J\u00fcrgen Becker<\/h3><div class='special-heading-border'><div class='special-heading-inner-border' ><\/div><\/div><\/div>\n<div class=\"flex_column av_one_third  flex_column_div av-zero-column-padding first  avia-builder-el-1  el_after_av_heading  el_before_av_two_third  \" style='border-radius:0px; '><div  class='avia-image-container  av-styling-    avia-builder-el-2  avia-builder-el-no-sibling  avia-align-center '  itemprop=\"image\" itemscope=\"itemscope\" itemtype=\"https:\/\/schema.org\/ImageObject\"  ><div class='avia-image-container-inner'><div class='avia-image-overlay-wrap'><img class='wp-image-4706 avia-img-lazy-loading-not-4706 avia_image' src=\"https:\/\/viverospounou.com\/wp-content\/uploads\/2020\/10\/Las-mejores-fotos-de-jardines-de-Ju\u0308rgen-Becker-232x300.png\" alt='Las mejores fotos de jardines de J\u00fcrgen Becker' title='Las mejores fotos de jardines de J\u00fcrgen Becker' height=\"300\" width=\"232\"  itemprop=\"thumbnailUrl\" srcset=\"https:\/\/viverospounou.com\/wp-content\/uploads\/2020\/10\/Las-mejores-fotos-de-jardines-de-Ju\u0308rgen-Becker-232x300.png 232w, https:\/\/viverospounou.com\/wp-content\/uploads\/2020\/10\/Las-mejores-fotos-de-jardines-de-Ju\u0308rgen-Becker.png 257w\" sizes=\"(max-width: 232px) 100vw, 232px\" \/><\/div><\/div><\/div><\/div>\n<div class=\"flex_column av_two_third  flex_column_div av-zero-column-padding   avia-builder-el-3  el_after_av_one_third  el_before_av_hr  \" style='border-radius:0px; '><section class=\"av_textblock_section \"  itemscope=\"itemscope\" itemtype=\"https:\/\/schema.org\/CreativeWork\" ><div class='avia_textblock  '   itemprop=\"text\" ><p>Das Buch\u201a <strong>\u201cGarden Pictures, The Best of J\u00fcrgen Becker\u201d<\/strong>, erschienen 2014 im Becker JoestVolk Verlag, zeigt eine Auswahl der besten Bilder des bekannten Gartenfotografen J\u00fcrgen Becker. Es ist zweisprachig deutsch\/englisch und enth\u00e4lt etliche Fotos von G\u00e4rten, die Mar\u00edaSagreras entworfen und gebaut hat.<\/p>\n<\/div><\/section><\/div>\n<div   class='hr hr-default   avia-builder-el-5  el_after_av_two_third  el_before_av_heading '><span class='hr-inner ' ><span class='hr-inner-style'><\/span><\/span><\/div>\n<div  style='padding-bottom:10px; ' class='av-special-heading av-special-heading-h3    avia-builder-el-6  el_after_av_hr  el_before_av_one_third  '><h3 class='av-special-heading-tag '  itemprop=\"headline\"  >Private Gartenparadiese<\/h3><div class='special-heading-border'><div class='special-heading-inner-border' ><\/div><\/div><\/div>\n<div class=\"flex_column av_one_third  flex_column_div av-zero-column-padding first  avia-builder-el-7  el_after_av_heading  el_before_av_two_third  \" style='border-radius:0px; '><div  class='avia-image-container  av-styling-    avia-builder-el-8  avia-builder-el-no-sibling  avia-align-center '  itemprop=\"image\" itemscope=\"itemscope\" itemtype=\"https:\/\/schema.org\/ImageObject\"  ><div class='avia-image-container-inner'><div class='avia-image-overlay-wrap'><img class=\"wp-image-5714 avia-img-lazy-loading-not-5714 avia_image\" src=\"https:\/\/viverospounou.com\/wp-content\/uploads\/2020\/10\/Jardines-secretos-de-Mallorca-232x300.png\" alt=\"\" title=\"Jardines secretos de Mallorca\" height=\"300\" width=\"232\" itemprop=\"thumbnailUrl\" srcset=\"https:\/\/viverospounou.com\/wp-content\/uploads\/2020\/10\/Jardines-secretos-de-Mallorca-232x300.png 232w, https:\/\/viverospounou.com\/wp-content\/uploads\/2020\/10\/Jardines-secretos-de-Mallorca.png 257w\" sizes=\"(max-width: 232px) 100vw, 232px\"><\/div><\/div><\/div><\/div>\n<div class=\"flex_column av_two_third  flex_column_div av-zero-column-padding   avia-builder-el-9  el_after_av_one_third  el_before_av_hr  \" style='border-radius:0px; '><section class=\"av_textblock_section \"  itemscope=\"itemscope\" itemtype=\"https:\/\/schema.org\/CreativeWork\" ><div class='avia_textblock  '   itemprop=\"text\" ><p>Das Buch\u201a <strong>\u201cDie Geheimen G\u00e4rten von Mallorca\u201d<\/strong> von Sabine Wesemann, erschienen 2013 im DVA Verlag, stellt herausragende mediterrane G\u00e4rten vor, darunter 3 von Mar\u00eda Sagreras.<\/p>\n<\/div><\/section><\/div>\n<div   class='hr hr-default   avia-builder-el-11  el_after_av_two_third  el_before_av_heading '><span class='hr-inner ' ><span class='hr-inner-style'><\/span><\/span><\/div>\n<div  style='padding-bottom:10px; ' class='av-special-heading av-special-heading-h3    avia-builder-el-12  el_after_av_hr  el_before_av_one_third  '><h3 class='av-special-heading-tag '  itemprop=\"headline\"  >G\u00e4rten auf Mallorca<\/h3><div class='special-heading-border'><div class='special-heading-inner-border' ><\/div><\/div><\/div>\n<div class=\"flex_column av_one_third  flex_column_div av-zero-column-padding first  avia-builder-el-13  el_after_av_heading  el_before_av_two_third  \" style='border-radius:0px; '><div  class='avia-image-container  av-styling-    avia-builder-el-14  avia-builder-el-no-sibling  avia-align-center '  itemprop=\"image\" itemscope=\"itemscope\" itemtype=\"https:\/\/schema.org\/ImageObject\"  ><div class='avia-image-container-inner'><div class='avia-image-overlay-wrap'><img class=\"wp-image-5715 avia-img-lazy-loading-not-5715 avia_image\" src=\"https:\/\/viverospounou.com\/wp-content\/uploads\/2020\/10\/Jardines-de-Mallorca-232x300.png\" alt=\"\" title=\"Jardines de Mallorca\" height=\"300\" width=\"232\" itemprop=\"thumbnailUrl\" srcset=\"https:\/\/viverospounou.com\/wp-content\/uploads\/2020\/10\/Jardines-de-Mallorca-232x300.png 232w, https:\/\/viverospounou.com\/wp-content\/uploads\/2020\/10\/Jardines-de-Mallorca.png 257w\" sizes=\"(max-width: 232px) 100vw, 232px\"><\/div><\/div><\/div><\/div>\n<div class=\"flex_column av_two_third  flex_column_div av-zero-column-padding   avia-builder-el-15  el_after_av_one_third  el_before_av_hr  \" style='border-radius:0px; '><section class=\"av_textblock_section \"  itemscope=\"itemscope\" itemtype=\"https:\/\/schema.org\/CreativeWork\" ><div class='avia_textblock  '   itemprop=\"text\" ><p>Das Buch\u201a <strong>\u201cG\u00e4rten Mallorcas\u201d<\/strong> von Charlotte Seeling und Carina Landau, erschienen 2003 im Feierabend Verlag pr\u00e4sentiert Sa Mesquida, den privaten Garten der Familie Sagreras, den Mar\u00eda entworfen und gebaut hat.<\/p>\n<\/div><\/section><\/div>\n<div   class='hr hr-default   avia-builder-el-17  el_after_av_two_third  el_before_av_one_full '><span class='hr-inner ' ><span class='hr-inner-style'><\/span><\/span><\/div>\n<div class=\"flex_column av_one_full  flex_column_div av-zero-column-padding first  avia-builder-el-18  el_after_av_hr  avia-builder-el-last  \" style='border-radius:0px; '><div  style='padding-bottom:10px; ' class='av-special-heading av-special-heading-h3  blockquote classic-quote  avia-builder-el-19  avia-builder-el-no-sibling  av-linked-heading '><h3 class='av-special-heading-tag '  itemprop=\"headline\"  ><a href=\"https:\/\/viverospounou.com\/de\/landschaftsgestaltung-gartengestaltung-mallorca\/\">Landschafts und Gartengestaltungsprojekte auf Mallorca<\/a><\/h3><div class='special-heading-border'><div class='special-heading-inner-border' ><\/div><\/div><\/div><\/div>\n","protected":false},"excerpt":{"rendered":"","protected":false},"author":1,"featured_media":0,"parent":0,"menu_order":0,"comment_status":"closed","ping_status":"closed","template":"","meta":[],"_links":{"self":[{"href":"https:\/\/viverospounou.com\/de\/wp-json\/wp\/v2\/pages\/5712\/"}],"collection":[{"href":"https:\/\/viverospounou.com\/de\/wp-json\/wp\/v2\/pages\/"}],"about":[{"href":"https:\/\/viverospounou.com\/de\/wp-json\/wp\/v2\/types\/page\/"}],"author":[{"embeddable":true,"href":"https:\/\/viverospounou.com\/de\/wp-json\/wp\/v2\/users\/1\/"}],"replies":[{"embeddable":true,"href":"https:\/\/viverospounou.com\/de\/wp-json\/wp\/v2\/comments\/?post=5712"}],"version-history":[{"count":0,"href":"https:\/\/viverospounou.com\/de\/wp-json\/wp\/v2\/pages\/5712\/revisions\/"}],"wp:attachment":[{"href":"https:\/\/viverospounou.com\/de\/wp-json\/wp\/v2\/media\/?parent=5712"}],"curies":[{"name":"wp","href":"https:\/\/api.w.org\/{rel}","templated":true}]}}