{"id":4088,"date":"2020-10-19T08:41:28","date_gmt":"2020-10-19T08:41:28","guid":{"rendered":"https:\/\/viverospounou.com\/paisajismo-diseno-jardines-mallorca\/"},"modified":"2021-08-31T15:33:34","modified_gmt":"2021-08-31T15:33:34","slug":"landscaping-garden-design-mallorca","status":"publish","type":"page","link":"https:\/\/viverospounou.com\/en\/landscaping-garden-design-mallorca\/","title":{"rendered":"Landscaping, garden design in Mallorca"},"content":{"rendered":"<div class=\"flex_column av_one_full  flex_column_div av-zero-column-padding first  avia-builder-el-0  el_before_av_one_third  avia-builder-el-first  \" style='border-radius:0px; '><p><div  style='padding-bottom:10px; ' class='av-special-heading av-special-heading-h2  blockquote classic-quote  avia-builder-el-1  el_before_av_textblock  avia-builder-el-first  '><h2 class='av-special-heading-tag '  itemprop=\"headline\"  >Our Gardens<\/h2><div class='special-heading-border'><div class='special-heading-inner-border' ><\/div><\/div><\/div><br \/>\n<section class=\"av_textblock_section \"  itemscope=\"itemscope\" itemtype=\"https:\/\/schema.org\/CreativeWork\" ><div class='avia_textblock  '   itemprop=\"text\" ><section class=\"av_textblock_section\">\n<div class=\"avia_textblock \">\n<p style=\"text-align: center;\">Landscape design is for <strong>Mar\u00eda Sagreras<\/strong>: \u201cLiving art in movement which connects us to life and the magic of nature. I feel very privileged to create space with a life of its own, to work on garden projects with many different styles, but still united in the search of enduring beauty for our natural environment.<\/p>\n<p style=\"text-align: center;\">In the Mediterranean we are gifted with a climate that allows us to live outside the greatest part of the year. Thus the gardens are important parts of our lives. Regardless of the space we have, be it just a terrace or a large estate, to plan and transform it into a functional and beautiful garden will enrich our lives. The garden can become our sanctuary \u2026 a place where we can refresh our minds and lift up our souls.\u201d<\/p>\n<\/div>\n<\/section>\n<\/div><\/section><\/p><\/div><div class=\"flex_column av_one_third  flex_column_div av-zero-column-padding first  avia-builder-el-3  el_after_av_one_full  el_before_av_one_third  column-top-margin\" style='border-radius:0px; '><p><div  class='avia-image-container  av-styling-    avia-builder-el-4  el_before_av_heading  avia-builder-el-first  avia-align-center '  itemprop=\"image\" itemscope=\"itemscope\" itemtype=\"https:\/\/schema.org\/ImageObject\"  ><div class='avia-image-container-inner'><div class='avia-image-overlay-wrap'><a href=\"https:\/\/viverospounou.com\/en\/portfolio\/son-rierol\/\" class='avia_image' ><img loading=\"lazy\" width=\"300\" height=\"185\" class='wp-image-4092 avia-img-lazy-loading-4092 avia_image' src=\"https:\/\/viverospounou.com\/wp-content\/uploads\/2020\/10\/Diseno-Jardin-Son-Rierol-en-Mallorcajpg-300x185.jpg\" alt='Dise\u00f1o de jard\u00edn en Son Rierol - Mallorca' title='Vista del jard\u00edn en Son Rierol - Mallorca'  itemprop=\"thumbnailUrl\" srcset=\"https:\/\/viverospounou.com\/wp-content\/uploads\/2020\/10\/Diseno-Jardin-Son-Rierol-en-Mallorcajpg-300x185.jpg 300w, https:\/\/viverospounou.com\/wp-content\/uploads\/2020\/10\/Diseno-Jardin-Son-Rierol-en-Mallorcajpg.jpg 520w\" sizes=\"(max-width: 300px) 100vw, 300px\" \/><\/a><\/div><\/div><\/div><br \/>\n<div  style='padding-bottom:10px; ' class='av-special-heading av-special-heading-h3  blockquote classic-quote  avia-builder-el-5  el_after_av_image  avia-builder-el-last  av-linked-heading '><h3 class='av-special-heading-tag '  itemprop=\"headline\"  ><a href=\"https:\/\/viverospounou.com\/en\/portfolio\/son-rierol\/\">Son Rierol<\/a><\/h3><div class='special-heading-border'><div class='special-heading-inner-border' ><\/div><\/div><\/div><\/p><\/div><div class=\"flex_column av_one_third  flex_column_div av-zero-column-padding   avia-builder-el-6  el_after_av_one_third  el_before_av_one_third  column-top-margin\" style='border-radius:0px; '><p><div  class='avia-image-container  av-styling-    avia-builder-el-7  el_before_av_heading  avia-builder-el-first  avia-align-center '  itemprop=\"image\" itemscope=\"itemscope\" itemtype=\"https:\/\/schema.org\/ImageObject\"  ><div class='avia-image-container-inner'><div class='avia-image-overlay-wrap'><a href=\"https:\/\/viverospounou.com\/es\/portfolio\/can-bebo\/\" class='avia_image' ><img loading=\"lazy\" width=\"300\" height=\"185\" class='wp-image-4766 avia-img-lazy-loading-4766 avia_image' src=\"https:\/\/viverospounou.com\/wp-content\/uploads\/2020\/10\/Can-Bebo-pasajismo-Mallorca-portada-300x185.jpg\" alt='Can Bebo - Dise\u00f1o de jardines en Mallorca' title='Can Bebo - Dise\u00f1o de jardines en Mallorca'  itemprop=\"thumbnailUrl\" srcset=\"https:\/\/viverospounou.com\/wp-content\/uploads\/2020\/10\/Can-Bebo-pasajismo-Mallorca-portada-300x185.jpg 300w, https:\/\/viverospounou.com\/wp-content\/uploads\/2020\/10\/Can-Bebo-pasajismo-Mallorca-portada.jpg 520w\" sizes=\"(max-width: 300px) 100vw, 300px\" \/><\/a><\/div><\/div><\/div><br \/>\n<div  style='padding-bottom:10px; ' class='av-special-heading av-special-heading-h3  blockquote classic-quote  avia-builder-el-8  el_after_av_image  avia-builder-el-last  av-linked-heading '><h3 class='av-special-heading-tag '  itemprop=\"headline\"  ><a href=\"https:\/\/viverospounou.com\/es\/portfolio\/can-bebo\/\">Can Bebo<\/a><\/h3><div class='special-heading-border'><div class='special-heading-inner-border' ><\/div><\/div><\/div><\/p><\/div><\/p>\n<div class=\"flex_column av_one_third  flex_column_div av-zero-column-padding   avia-builder-el-9  el_after_av_one_third  el_before_av_one_third  column-top-margin\" style='border-radius:0px; '><p><div  class='avia-image-container  av-styling-    avia-builder-el-10  el_before_av_heading  avia-builder-el-first  avia-align-center '  itemprop=\"image\" itemscope=\"itemscope\" itemtype=\"https:\/\/schema.org\/ImageObject\"  ><div class='avia-image-container-inner'><div class='avia-image-overlay-wrap'><a href=\"https:\/\/viverospounou.com\/es\/portfolio\/can-brera\/\" class='avia_image' ><img loading=\"lazy\" width=\"300\" height=\"185\" class='wp-image-4930 avia-img-lazy-loading-4930 avia_image' src=\"https:\/\/viverospounou.com\/wp-content\/uploads\/2020\/10\/Can-Brera-paisajismo-Mallorca-portada-300x185.jpg\" alt='Paisajismo en Mallorca, detalle del jard\u00edn de Can Brera' title='Paisajismo en Mallorca, dise\u00f1o del jard\u00edn de Can Brera'  itemprop=\"thumbnailUrl\" srcset=\"https:\/\/viverospounou.com\/wp-content\/uploads\/2020\/10\/Can-Brera-paisajismo-Mallorca-portada-300x185.jpg 300w, https:\/\/viverospounou.com\/wp-content\/uploads\/2020\/10\/Can-Brera-paisajismo-Mallorca-portada.jpg 520w\" sizes=\"(max-width: 300px) 100vw, 300px\" \/><\/a><\/div><\/div><\/div><br \/>\n<div  style='padding-bottom:10px; ' class='av-special-heading av-special-heading-h3  blockquote classic-quote  avia-builder-el-11  el_after_av_image  avia-builder-el-last  av-linked-heading '><h3 class='av-special-heading-tag '  itemprop=\"headline\"  ><a href=\"https:\/\/viverospounou.com\/es\/portfolio\/can-brera\/\">Can Brera<\/a><\/h3><div class='special-heading-border'><div class='special-heading-inner-border' ><\/div><\/div><\/div><\/p><\/div>\n<div class=\"flex_column av_one_third  flex_column_div av-zero-column-padding first  avia-builder-el-12  el_after_av_one_third  el_before_av_one_third  column-top-margin\" style='border-radius:0px; '><p><div  class='avia-image-container  av-styling-    avia-builder-el-13  el_before_av_heading  avia-builder-el-first  avia-align-center '  itemprop=\"image\" itemscope=\"itemscope\" itemtype=\"https:\/\/schema.org\/ImageObject\"  ><div class='avia-image-container-inner'><div class='avia-image-overlay-wrap'><a href=\"https:\/\/viverospounou.com\/es\/portfolio\/sta-marina\/\" class='avia_image' ><img loading=\"lazy\" width=\"300\" height=\"185\" class='wp-image-4093 avia-img-lazy-loading-4093 avia_image' src=\"https:\/\/viverospounou.com\/wp-content\/uploads\/2020\/10\/Creacion-jardines-en-Mallorca-finca-sta-marina-portada-300x185.jpg\" alt='Detalle del jard\u00edn creado en Finca Sta. Marina en Mallorca por Viveros Pou Nou' title='Creaci\u00f3n de jardines en Mallorca - Finca Sta. Marina'  itemprop=\"thumbnailUrl\" srcset=\"https:\/\/viverospounou.com\/wp-content\/uploads\/2020\/10\/Creacion-jardines-en-Mallorca-finca-sta-marina-portada-300x185.jpg 300w, https:\/\/viverospounou.com\/wp-content\/uploads\/2020\/10\/Creacion-jardines-en-Mallorca-finca-sta-marina-portada.jpg 520w\" sizes=\"(max-width: 300px) 100vw, 300px\" \/><\/a><\/div><\/div><\/div><br \/>\n<div  style='padding-bottom:10px; ' class='av-special-heading av-special-heading-h3  blockquote classic-quote  avia-builder-el-14  el_after_av_image  avia-builder-el-last  av-linked-heading '><h3 class='av-special-heading-tag '  itemprop=\"headline\"  ><a href=\"https:\/\/viverospounou.com\/es\/portfolio\/sta-marina\/\">Sta. Marina<\/a><\/h3><div class='special-heading-border'><div class='special-heading-inner-border' ><\/div><\/div><\/div><\/p><\/div>\n<div class=\"flex_column av_one_third  flex_column_div av-zero-column-padding   avia-builder-el-15  el_after_av_one_third  el_before_av_one_third  column-top-margin\" style='border-radius:0px; '><p><div  class='avia-image-container  av-styling-    avia-builder-el-16  el_before_av_heading  avia-builder-el-first  avia-align-center '  itemprop=\"image\" itemscope=\"itemscope\" itemtype=\"https:\/\/schema.org\/ImageObject\"  ><div class='avia-image-container-inner'><div class='avia-image-overlay-wrap'><a href=\"https:\/\/viverospounou.com\/es\/portfolio\/can-pulla\/\" class='avia_image' ><img loading=\"lazy\" width=\"300\" height=\"185\" class='wp-image-4094 avia-img-lazy-loading-4094 avia_image' src=\"https:\/\/viverospounou.com\/wp-content\/uploads\/2020\/10\/Jardin-en-can-pulla-en-Mallorca-creacion-de-viveros-pou-nou-portada-300x185.jpg\" alt='Vista del jard\u00edn de Can Pulla - Mallorca - Paisajismo Viveros Pou Nou' title='Vista del jard\u00edn de Can Pulla - Mallorca - Paisajismo Viveros Pou Nou'  itemprop=\"thumbnailUrl\" srcset=\"https:\/\/viverospounou.com\/wp-content\/uploads\/2020\/10\/Jardin-en-can-pulla-en-Mallorca-creacion-de-viveros-pou-nou-portada-300x185.jpg 300w, https:\/\/viverospounou.com\/wp-content\/uploads\/2020\/10\/Jardin-en-can-pulla-en-Mallorca-creacion-de-viveros-pou-nou-portada.jpg 520w\" sizes=\"(max-width: 300px) 100vw, 300px\" \/><\/a><\/div><\/div><\/div><br \/>\n<div  style='padding-bottom:10px; ' class='av-special-heading av-special-heading-h3  blockquote classic-quote  avia-builder-el-17  el_after_av_image  avia-builder-el-last  av-linked-heading '><h3 class='av-special-heading-tag '  itemprop=\"headline\"  ><a href=\"https:\/\/viverospounou.com\/es\/portfolio\/can-pulla\/\">Can Pulla<\/a><\/h3><div class='special-heading-border'><div class='special-heading-inner-border' ><\/div><\/div><\/div><\/p><\/div>\n<div class=\"flex_column av_one_third  flex_column_div av-zero-column-padding   avia-builder-el-18  el_after_av_one_third  el_before_av_one_third  column-top-margin\" style='border-radius:0px; '><p><div  class='avia-image-container  av-styling-    avia-builder-el-19  el_before_av_heading  avia-builder-el-first  avia-align-center '  itemprop=\"image\" itemscope=\"itemscope\" itemtype=\"https:\/\/schema.org\/ImageObject\"  ><div class='avia-image-container-inner'><div class='avia-image-overlay-wrap'><a href=\"https:\/\/viverospounou.com\/es\/portfolio\/salqueria\/\" class='avia_image' ><img loading=\"lazy\" width=\"300\" height=\"185\" class='wp-image-4095 avia-img-lazy-loading-4095 avia_image' src=\"https:\/\/viverospounou.com\/wp-content\/uploads\/2020\/10\/Paisajismo-Mallorca-Finca-salqueria-portada-2.jpg\" alt='Paisajismo en Mallorca - Finca S\u2019Alqueria - Detalle del jard\u00edn dise\u00f1ado por Viveros Pou Nou' title='Paisajismo en Mallorca - Finca S\u2019Alqueria - Detalle del jard\u00edn dise\u00f1ado por Viveros Pou Nou'  itemprop=\"thumbnailUrl\"  \/><\/a><\/div><\/div><\/div><br \/>\n<div  style='padding-bottom:10px; ' class='av-special-heading av-special-heading-h3  blockquote classic-quote  avia-builder-el-20  el_after_av_image  avia-builder-el-last  av-linked-heading '><h3 class='av-special-heading-tag '  itemprop=\"headline\"  ><a href=\"https:\/\/viverospounou.com\/es\/portfolio\/salqueria\/\">S\u2019Alqueria<\/a><\/h3><div class='special-heading-border'><div class='special-heading-inner-border' ><\/div><\/div><\/div><\/p><\/div>\n<div class=\"flex_column av_one_third  flex_column_div av-zero-column-padding first  avia-builder-el-21  el_after_av_one_third  el_before_av_one_third  column-top-margin\" style='border-radius:0px; '><p><div  class='avia-image-container  av-styling-    avia-builder-el-22  el_before_av_heading  avia-builder-el-first  avia-align-center '  itemprop=\"image\" itemscope=\"itemscope\" itemtype=\"https:\/\/schema.org\/ImageObject\"  ><div class='avia-image-container-inner'><div class='avia-image-overlay-wrap'><a href=\"https:\/\/viverospounou.com\/es\/portfolio\/cal-reiet\/\" class='avia_image' ><img loading=\"lazy\" width=\"300\" height=\"185\" class='wp-image-4096 avia-img-lazy-loading-4096 avia_image' src=\"https:\/\/viverospounou.com\/wp-content\/uploads\/2020\/10\/disen\u0303o-jardines-mallorca-cal-reiet-portada-1-300x185.jpg\" alt='Paisajismo en Mallorca - Finca Cal Reiet  - Detalle del jard\u00edn dise\u00f1ado por Viveros Pou Nou' title='Paisajismo en Mallorca - Finca Cal Reiet- Detalle del jard\u00edn dise\u00f1ado por Viveros Pou Nou'  itemprop=\"thumbnailUrl\" srcset=\"https:\/\/viverospounou.com\/wp-content\/uploads\/2020\/10\/disen\u0303o-jardines-mallorca-cal-reiet-portada-1-300x185.jpg 300w, https:\/\/viverospounou.com\/wp-content\/uploads\/2020\/10\/disen\u0303o-jardines-mallorca-cal-reiet-portada-1.jpg 520w\" sizes=\"(max-width: 300px) 100vw, 300px\" \/><\/a><\/div><\/div><\/div><br \/>\n<div  style='padding-bottom:10px; ' class='av-special-heading av-special-heading-h3  blockquote classic-quote  avia-builder-el-23  el_after_av_image  avia-builder-el-last  av-linked-heading '><h3 class='av-special-heading-tag '  itemprop=\"headline\"  ><a href=\"https:\/\/viverospounou.com\/es\/portfolio\/cal-reiet\/\">Cal Reiet<\/a><\/h3><div class='special-heading-border'><div class='special-heading-inner-border' ><\/div><\/div><\/div><\/p><\/div>\n<div class=\"flex_column av_one_third  flex_column_div av-zero-column-padding   avia-builder-el-24  el_after_av_one_third  el_before_av_one_third  column-top-margin\" style='border-radius:0px; '><p><div  class='avia-image-container  av-styling-    avia-builder-el-25  el_before_av_heading  avia-builder-el-first  avia-align-center '  itemprop=\"image\" itemscope=\"itemscope\" itemtype=\"https:\/\/schema.org\/ImageObject\"  ><div class='avia-image-container-inner'><div class='avia-image-overlay-wrap'><a href=\"https:\/\/viverospounou.com\/es\/portfolio\/es-carritxo\/\" class='avia_image' ><img loading=\"lazy\" width=\"300\" height=\"185\" class='wp-image-5121 avia-img-lazy-loading-5121 avia_image' src=\"https:\/\/viverospounou.com\/wp-content\/uploads\/2020\/10\/Paisajismo-Mallorca-Disen\u0303o-jardin-Es-Carritxo-300x185.jpg\" alt='Construcci\u00f3n Jard\u00edn en finca Es Carritx\u00f3- Paisajismo en Mallorca' title='Construcci\u00f3n Jard\u00edn en finca Es Carritx\u00f3 - Paisajismo en Mallorca'  itemprop=\"thumbnailUrl\" srcset=\"https:\/\/viverospounou.com\/wp-content\/uploads\/2020\/10\/Paisajismo-Mallorca-Disen\u0303o-jardin-Es-Carritxo-300x185.jpg 300w, https:\/\/viverospounou.com\/wp-content\/uploads\/2020\/10\/Paisajismo-Mallorca-Disen\u0303o-jardin-Es-Carritxo.jpg 520w\" sizes=\"(max-width: 300px) 100vw, 300px\" \/><\/a><\/div><\/div><\/div><br \/>\n<div  style='padding-bottom:10px; ' class='av-special-heading av-special-heading-h3  blockquote classic-quote  avia-builder-el-26  el_after_av_image  avia-builder-el-last  av-linked-heading '><h3 class='av-special-heading-tag '  itemprop=\"headline\"  ><a href=\"https:\/\/viverospounou.com\/es\/portfolio\/es-carritxo\/\">Es Carritx\u00f3<\/a><\/h3><div class='special-heading-border'><div class='special-heading-inner-border' ><\/div><\/div><\/div><\/p><\/div>\n<div class=\"flex_column av_one_third  flex_column_div av-zero-column-padding   avia-builder-el-27  el_after_av_one_third  el_before_av_one_third  column-top-margin\" style='border-radius:0px; '><p><div  class='avia-image-container  av-styling-    avia-builder-el-28  el_before_av_heading  avia-builder-el-first  avia-align-center '  itemprop=\"image\" itemscope=\"itemscope\" itemtype=\"https:\/\/schema.org\/ImageObject\"  ><div class='avia-image-container-inner'><div class='avia-image-overlay-wrap'><a href=\"https:\/\/viverospounou.com\/es\/portfolio\/son-font\/\" class='avia_image' ><img loading=\"lazy\" width=\"300\" height=\"185\" class='wp-image-5335 avia-img-lazy-loading-5335 avia_image' src=\"https:\/\/viverospounou.com\/wp-content\/uploads\/2020\/10\/Paisajismo-mallorca-Jardin-Son-Font-300x185.jpg\" alt='Paisajismo en Mallorca - Finca Son Font - Detalle del jard\u00edn dise\u00f1ado por Viveros Pou Nou' title='Paisajismo en Mallorca - Finca Son Font - Detalle del jard\u00edn dise\u00f1ado por Viveros Pou Nou'  itemprop=\"thumbnailUrl\" srcset=\"https:\/\/viverospounou.com\/wp-content\/uploads\/2020\/10\/Paisajismo-mallorca-Jardin-Son-Font-300x185.jpg 300w, https:\/\/viverospounou.com\/wp-content\/uploads\/2020\/10\/Paisajismo-mallorca-Jardin-Son-Font.jpg 520w\" sizes=\"(max-width: 300px) 100vw, 300px\" \/><\/a><\/div><\/div><\/div><br \/>\n<div  style='padding-bottom:10px; ' class='av-special-heading av-special-heading-h3  blockquote classic-quote  avia-builder-el-29  el_after_av_image  avia-builder-el-last  av-linked-heading '><h3 class='av-special-heading-tag '  itemprop=\"headline\"  ><a href=\"https:\/\/viverospounou.com\/es\/portfolio\/son-font\/\">Son Font<\/a><\/h3><div class='special-heading-border'><div class='special-heading-inner-border' ><\/div><\/div><\/div><\/p><\/div>\n<div class=\"flex_column av_one_third  flex_column_div av-zero-column-padding first  avia-builder-el-30  el_after_av_one_third  el_before_av_one_third  column-top-margin\" style='border-radius:0px; '><p><div  class='avia-image-container  av-styling-    avia-builder-el-31  el_before_av_heading  avia-builder-el-first  avia-align-center '  itemprop=\"image\" itemscope=\"itemscope\" itemtype=\"https:\/\/schema.org\/ImageObject\"  ><div class='avia-image-container-inner'><div class='avia-image-overlay-wrap'><a href=\"https:\/\/viverospounou.com\/es\/portfolio\/son-ferreret\/\" class='avia_image' ><img loading=\"lazy\" width=\"300\" height=\"185\" class='wp-image-5369 avia-img-lazy-loading-5369 avia_image' src=\"https:\/\/viverospounou.com\/wp-content\/uploads\/2020\/10\/proyecto-jardin-mallorca-paisajismo-son-ferreret-300x185.jpg\" alt='Proyecto paisajismo en Mallorca - Son Ferreret - dise\u00f1o de jard\u00edn' title='Proyecto paisajismo en Mallorca - Son Ferreret - dise\u00f1o de jard\u00edn'  itemprop=\"thumbnailUrl\" srcset=\"https:\/\/viverospounou.com\/wp-content\/uploads\/2020\/10\/proyecto-jardin-mallorca-paisajismo-son-ferreret-300x185.jpg 300w, https:\/\/viverospounou.com\/wp-content\/uploads\/2020\/10\/proyecto-jardin-mallorca-paisajismo-son-ferreret.jpg 520w\" sizes=\"(max-width: 300px) 100vw, 300px\" \/><\/a><\/div><\/div><\/div><br \/>\n<div  style='padding-bottom:10px; ' class='av-special-heading av-special-heading-h3  blockquote classic-quote  avia-builder-el-32  el_after_av_image  avia-builder-el-last  av-linked-heading '><h3 class='av-special-heading-tag '  itemprop=\"headline\"  ><a href=\"https:\/\/viverospounou.com\/es\/portfolio\/son-ferreret\/\">Son Ferreret<\/a><\/h3><div class='special-heading-border'><div class='special-heading-inner-border' ><\/div><\/div><\/div><\/p><\/div>\n<div class=\"flex_column av_one_third  flex_column_div av-zero-column-padding   avia-builder-el-33  el_after_av_one_third  el_before_av_one_third  column-top-margin\" style='border-radius:0px; '><p><div  class='avia-image-container  av-styling-    avia-builder-el-34  el_before_av_heading  avia-builder-el-first  avia-align-center '  itemprop=\"image\" itemscope=\"itemscope\" itemtype=\"https:\/\/schema.org\/ImageObject\"  ><div class='avia-image-container-inner'><div class='avia-image-overlay-wrap'><a href=\"https:\/\/viverospounou.com\/es\/portfolio\/consolacio\/\" class='avia_image' ><img loading=\"lazy\" width=\"300\" height=\"185\" class='wp-image-5374 avia-img-lazy-loading-5374 avia_image' src=\"https:\/\/viverospounou.com\/wp-content\/uploads\/2020\/10\/paisajismo-jardines-consolacio-300x185.jpg\" alt='Dise\u00f1o jard\u00edn en finca Consolaci\u00f3 - Mallorca - Viveros Pou Nou' title='Dise\u00f1o jard\u00edn en finca Consolaci\u00f3 - Mallorca - Viveros Pou Nou'  itemprop=\"thumbnailUrl\" srcset=\"https:\/\/viverospounou.com\/wp-content\/uploads\/2020\/10\/paisajismo-jardines-consolacio-300x185.jpg 300w, https:\/\/viverospounou.com\/wp-content\/uploads\/2020\/10\/paisajismo-jardines-consolacio.jpg 520w\" sizes=\"(max-width: 300px) 100vw, 300px\" \/><\/a><\/div><\/div><\/div><br \/>\n<div  style='padding-bottom:10px; ' class='av-special-heading av-special-heading-h3  blockquote classic-quote  avia-builder-el-35  el_after_av_image  avia-builder-el-last  av-linked-heading '><h3 class='av-special-heading-tag '  itemprop=\"headline\"  ><a href=\"https:\/\/viverospounou.com\/es\/portfolio\/consolacio\/\">Consolaci\u00f3<\/a><\/h3><div class='special-heading-border'><div class='special-heading-inner-border' ><\/div><\/div><\/div><\/p><\/div>\n<div class=\"flex_column av_one_third  flex_column_div av-zero-column-padding   avia-builder-el-36  el_after_av_one_third  el_before_av_one_third  column-top-margin\" style='border-radius:0px; '><p><div  class='avia-image-container  av-styling-    avia-builder-el-37  el_before_av_heading  avia-builder-el-first  avia-align-center '  itemprop=\"image\" itemscope=\"itemscope\" itemtype=\"https:\/\/schema.org\/ImageObject\"  ><div class='avia-image-container-inner'><div class='avia-image-overlay-wrap'><a href=\"https:\/\/viverospounou.com\/es\/portfolio\/es-turo\/\" class='avia_image' ><img loading=\"lazy\" width=\"300\" height=\"185\" class='wp-image-5405 avia-img-lazy-loading-5405 avia_image' src=\"https:\/\/viverospounou.com\/wp-content\/uploads\/2020\/10\/Jardin-Finca-Es-Turo-Mallorca-portada-0-300x185.jpg\" alt='Construcci\u00f3n Jard\u00edn en finca Es Tur\u00f3 - Paisajismo en Mallorca' title='Construcci\u00f3n Jard\u00edn en finca Es Tur\u00f3 - Paisajismo en Mallorca'  itemprop=\"thumbnailUrl\" srcset=\"https:\/\/viverospounou.com\/wp-content\/uploads\/2020\/10\/Jardin-Finca-Es-Turo-Mallorca-portada-0-300x185.jpg 300w, https:\/\/viverospounou.com\/wp-content\/uploads\/2020\/10\/Jardin-Finca-Es-Turo-Mallorca-portada-0.jpg 520w\" sizes=\"(max-width: 300px) 100vw, 300px\" \/><\/a><\/div><\/div><\/div><br \/>\n<div  style='padding-bottom:10px; ' class='av-special-heading av-special-heading-h3  blockquote classic-quote  avia-builder-el-38  el_after_av_image  avia-builder-el-last  av-linked-heading '><h3 class='av-special-heading-tag '  itemprop=\"headline\"  ><a href=\"https:\/\/viverospounou.com\/es\/portfolio\/es-turo\/\">Es Tur\u00f3<\/a><\/h3><div class='special-heading-border'><div class='special-heading-inner-border' ><\/div><\/div><\/div><\/p><\/div>\n<div class=\"flex_column av_one_third  flex_column_div av-zero-column-padding first  avia-builder-el-39  el_after_av_one_third  avia-builder-el-last  column-top-margin\" style='border-radius:0px; '><p><div  class='avia-image-container  av-styling-    avia-builder-el-40  el_before_av_heading  avia-builder-el-first  avia-align-center '  itemprop=\"image\" itemscope=\"itemscope\" itemtype=\"https:\/\/schema.org\/ImageObject\"  ><div class='avia-image-container-inner'><div class='avia-image-overlay-wrap'><a href=\"https:\/\/viverospounou.com\/en\/portfolio\/sa-mesquida\/\" class='avia_image' ><img loading=\"lazy\" width=\"300\" height=\"185\" class='wp-image-4097 avia-img-lazy-loading-4097 avia_image' src=\"https:\/\/viverospounou.com\/wp-content\/uploads\/2020\/10\/Sa-Mesquida-proyecto-paisajismo-Mallorca-portada-300x185.jpg\" alt='Proyecto Paisajista en finca Sa Mesquida, Mallorca - Dise\u00f1o de jard\u00edn - Viveros Pou Nou' title='Proyecto Paisajista en finca Sa Mesquida, Mallorca - Dise\u00f1o de jard\u00edn - Viveros Pou Nou'  itemprop=\"thumbnailUrl\" srcset=\"https:\/\/viverospounou.com\/wp-content\/uploads\/2020\/10\/Sa-Mesquida-proyecto-paisajismo-Mallorca-portada-300x185.jpg 300w, https:\/\/viverospounou.com\/wp-content\/uploads\/2020\/10\/Sa-Mesquida-proyecto-paisajismo-Mallorca-portada.jpg 520w\" sizes=\"(max-width: 300px) 100vw, 300px\" \/><\/a><\/div><\/div><\/div><br \/>\n<div  style='padding-bottom:10px; ' class='av-special-heading av-special-heading-h3  blockquote classic-quote  avia-builder-el-41  el_after_av_image  avia-builder-el-last  av-linked-heading '><h3 class='av-special-heading-tag '  itemprop=\"headline\"  ><a href=\"https:\/\/viverospounou.com\/en\/portfolio\/sa-mesquida\/\">Sa Mesquida<\/a><\/h3><div class='special-heading-border'><div class='special-heading-inner-border' ><\/div><\/div><\/div><\/p><\/div>\n","protected":false},"excerpt":{"rendered":"","protected":false},"author":1,"featured_media":0,"parent":0,"menu_order":0,"comment_status":"closed","ping_status":"closed","template":"","meta":[],"_links":{"self":[{"href":"https:\/\/viverospounou.com\/en\/wp-json\/wp\/v2\/pages\/4088\/"}],"collection":[{"href":"https:\/\/viverospounou.com\/en\/wp-json\/wp\/v2\/pages\/"}],"about":[{"href":"https:\/\/viverospounou.com\/en\/wp-json\/wp\/v2\/types\/page\/"}],"author":[{"embeddable":true,"href":"https:\/\/viverospounou.com\/en\/wp-json\/wp\/v2\/users\/1\/"}],"replies":[{"embeddable":true,"href":"https:\/\/viverospounou.com\/en\/wp-json\/wp\/v2\/comments\/?post=4088"}],"version-history":[{"count":1,"href":"https:\/\/viverospounou.com\/en\/wp-json\/wp\/v2\/pages\/4088\/revisions\/"}],"predecessor-version":[{"id":6487,"href":"https:\/\/viverospounou.com\/en\/wp-json\/wp\/v2\/pages\/4088\/revisions\/6487\/"}],"wp:attachment":[{"href":"https:\/\/viverospounou.com\/en\/wp-json\/wp\/v2\/media\/?parent=4088"}],"curies":[{"name":"wp","href":"https:\/\/api.w.org\/{rel}","templated":true}]}}