{"id":3944,"date":"2020-10-21T15:28:35","date_gmt":"2020-10-21T15:28:35","guid":{"rendered":"https:\/\/viverospounou.com\/?page_id=3944"},"modified":"2020-10-28T12:16:11","modified_gmt":"2020-10-28T12:16:11","slug":"prensa","status":"publish","type":"page","link":"https:\/\/viverospounou.com\/es\/prensa\/","title":{"rendered":"Prensa"},"content":{"rendered":"<div  style='padding-bottom:10px; ' class='av-special-heading av-special-heading-h3    avia-builder-el-0  el_before_av_one_third  avia-builder-el-first  '><h3 class='av-special-heading-tag '  itemprop=\"headline\"  >Las mejores fotos de jardines de J\u00fcrgen Becker<\/h3><div class='special-heading-border'><div class='special-heading-inner-border' ><\/div><\/div><\/div>\n<div class=\"flex_column av_one_third  flex_column_div av-zero-column-padding first  avia-builder-el-1  el_after_av_heading  el_before_av_two_third  \" style='border-radius:0px; '><div  class='avia-image-container  av-styling-    avia-builder-el-2  avia-builder-el-no-sibling  avia-align-center '  itemprop=\"image\" itemscope=\"itemscope\" itemtype=\"https:\/\/schema.org\/ImageObject\"  ><div class='avia-image-container-inner'><div class='avia-image-overlay-wrap'><img class='wp-image-3945 avia-img-lazy-loading-not-3945 avia_image' src=\"https:\/\/viverospounou.com\/wp-content\/uploads\/2020\/10\/Las-mejores-fotos-de-jardines-de-Ju\u0308rgen-Becker-232x300.png\" alt='Las mejores fotos de jardines de J\u00fcrgen Becker' title='Las mejores fotos de jardines de J\u00fcrgen Becker' height=\"300\" width=\"232\"  itemprop=\"thumbnailUrl\" srcset=\"https:\/\/viverospounou.com\/wp-content\/uploads\/2020\/10\/Las-mejores-fotos-de-jardines-de-Ju\u0308rgen-Becker-232x300.png 232w, https:\/\/viverospounou.com\/wp-content\/uploads\/2020\/10\/Las-mejores-fotos-de-jardines-de-Ju\u0308rgen-Becker.png 257w\" sizes=\"(max-width: 232px) 100vw, 232px\" \/><\/div><\/div><\/div><\/div>\n<div class=\"flex_column av_two_third  flex_column_div av-zero-column-padding   avia-builder-el-3  el_after_av_one_third  el_before_av_hr  \" style='border-radius:0px; '><section class=\"av_textblock_section \"  itemscope=\"itemscope\" itemtype=\"https:\/\/schema.org\/CreativeWork\" ><div class='avia_textblock  '   itemprop=\"text\" ><p>El libro <strong>\u00abThe Best of J\u00fcrgen Becker Garden Pictures\u00bb<\/strong> (Las mejores fotos de jardines de J\u00fcrgen Becker) editado por Becker Joest Volk Verlag; Bilingual edition (April 1, 2014), es una selecci\u00f3n de las mejores fotos de jardines del reconocido fot\u00f3grafo J\u00fcrgen Becker. Muestra fotos de jardines dise\u00f1ados y construidos por Mar\u00eda Sagreras.<\/p>\n<\/div><\/section><\/div>\n<div   class='hr hr-default   avia-builder-el-5  el_after_av_two_third  el_before_av_heading '><span class='hr-inner ' ><span class='hr-inner-style'><\/span><\/span><\/div>\n<div  style='padding-bottom:10px; ' class='av-special-heading av-special-heading-h3    avia-builder-el-6  el_after_av_hr  el_before_av_one_third  '><h3 class='av-special-heading-tag '  itemprop=\"headline\"  >Jardines secretos de Mallorca<\/h3><div class='special-heading-border'><div class='special-heading-inner-border' ><\/div><\/div><\/div>\n<div class=\"flex_column av_one_third  flex_column_div av-zero-column-padding first  avia-builder-el-7  el_after_av_heading  el_before_av_two_third  \" style='border-radius:0px; '><div  class='avia-image-container  av-styling-    avia-builder-el-8  avia-builder-el-no-sibling  avia-align-center '  itemprop=\"image\" itemscope=\"itemscope\" itemtype=\"https:\/\/schema.org\/ImageObject\"  ><div class='avia-image-container-inner'><div class='avia-image-overlay-wrap'><img class=\"wp-image-3946 avia-img-lazy-loading-not-3946 avia_image\" src=\"https:\/\/viverospounou.com\/wp-content\/uploads\/2020\/10\/Jardines-secretos-de-Mallorca-232x300.png\" alt=\"\" title=\"Jardines secretos de Mallorca\" height=\"300\" width=\"232\" itemprop=\"thumbnailUrl\" srcset=\"https:\/\/viverospounou.com\/wp-content\/uploads\/2020\/10\/Jardines-secretos-de-Mallorca-232x300.png 232w, https:\/\/viverospounou.com\/wp-content\/uploads\/2020\/10\/Jardines-secretos-de-Mallorca.png 257w\" sizes=\"(max-width: 232px) 100vw, 232px\"><\/div><\/div><\/div><\/div>\n<div class=\"flex_column av_two_third  flex_column_div av-zero-column-padding   avia-builder-el-9  el_after_av_one_third  el_before_av_hr  \" style='border-radius:0px; '><section class=\"av_textblock_section \"  itemscope=\"itemscope\" itemtype=\"https:\/\/schema.org\/CreativeWork\" ><div class='avia_textblock  '   itemprop=\"text\" ><p>El libro <strong>\u00abDie geheimen g\u00e4rten von Mallorca\u00bb<\/strong> (Los jardines secretos de Mallorca), de Sabine Wesemann yJ\u00fcrgen Becker editado en 2013 por DVA, muestra 5 jardines dise\u00f1ados y construidos por Mar\u00eda Sagreras<\/p>\n<\/div><\/section><\/div>\n<div   class='hr hr-default   avia-builder-el-11  el_after_av_two_third  el_before_av_heading '><span class='hr-inner ' ><span class='hr-inner-style'><\/span><\/span><\/div>\n<div  style='padding-bottom:10px; ' class='av-special-heading av-special-heading-h3    avia-builder-el-12  el_after_av_hr  el_before_av_one_third  '><h3 class='av-special-heading-tag '  itemprop=\"headline\"  >Jardines de Mallorca<\/h3><div class='special-heading-border'><div class='special-heading-inner-border' ><\/div><\/div><\/div>\n<div class=\"flex_column av_one_third  flex_column_div av-zero-column-padding first  avia-builder-el-13  el_after_av_heading  el_before_av_two_third  \" style='border-radius:0px; '><div  class='avia-image-container  av-styling-    avia-builder-el-14  avia-builder-el-no-sibling  avia-align-center '  itemprop=\"image\" itemscope=\"itemscope\" itemtype=\"https:\/\/schema.org\/ImageObject\"  ><div class='avia-image-container-inner'><div class='avia-image-overlay-wrap'><img class=\"wp-image-3947 avia-img-lazy-loading-not-3947 avia_image\" src=\"https:\/\/viverospounou.com\/wp-content\/uploads\/2020\/10\/Jardines-de-Mallorca-232x300.png\" alt=\"\" title=\"Jardines de Mallorca\" height=\"300\" width=\"232\" itemprop=\"thumbnailUrl\" srcset=\"https:\/\/viverospounou.com\/wp-content\/uploads\/2020\/10\/Jardines-de-Mallorca-232x300.png 232w, https:\/\/viverospounou.com\/wp-content\/uploads\/2020\/10\/Jardines-de-Mallorca.png 257w\" sizes=\"(max-width: 232px) 100vw, 232px\"><\/div><\/div><\/div><\/div>\n<div class=\"flex_column av_two_third  flex_column_div av-zero-column-padding   avia-builder-el-15  el_after_av_one_third  el_before_av_hr  \" style='border-radius:0px; '><section class=\"av_textblock_section \"  itemscope=\"itemscope\" itemtype=\"https:\/\/schema.org\/CreativeWork\" ><div class='avia_textblock  '   itemprop=\"text\" ><p>El libro <strong>\u00abJardines de Mallorca\u00bb<\/strong>, editado en 2003 por Feierabend Verlag, con textos de Charlotte Seeling y fotos de Carina Landau, muestra Sa Mesquida, el jard\u00edn de la familia Sagreras, dise\u00f1ado y construido por Mar\u00eda.<\/p>\n<\/div><\/section><\/div>\n<div   class='hr hr-default   avia-builder-el-17  el_after_av_two_third  el_before_av_one_full '><span class='hr-inner ' ><span class='hr-inner-style'><\/span><\/span><\/div>\n<div class=\"flex_column av_one_full  flex_column_div av-zero-column-padding first  avia-builder-el-18  el_after_av_hr  avia-builder-el-last  \" style='border-radius:0px; '><div  style='padding-bottom:10px; ' class='av-special-heading av-special-heading-h3  blockquote classic-quote  avia-builder-el-19  avia-builder-el-no-sibling  av-linked-heading '><h3 class='av-special-heading-tag '  itemprop=\"headline\"  ><a href=\"https:\/\/viverospounou.com\/es\/paisajismo-diseno-jardines-mallorca\/\">Proyectos de paisajismo y dise\u00f1o de jardines en Mallorca<\/a><\/h3><div class='special-heading-border'><div class='special-heading-inner-border' ><\/div><\/div><\/div><\/div>\n","protected":false},"excerpt":{"rendered":"","protected":false},"author":1,"featured_media":0,"parent":0,"menu_order":0,"comment_status":"closed","ping_status":"closed","template":"","meta":[],"_links":{"self":[{"href":"https:\/\/viverospounou.com\/es\/wp-json\/wp\/v2\/pages\/3944\/"}],"collection":[{"href":"https:\/\/viverospounou.com\/es\/wp-json\/wp\/v2\/pages\/"}],"about":[{"href":"https:\/\/viverospounou.com\/es\/wp-json\/wp\/v2\/types\/page\/"}],"author":[{"embeddable":true,"href":"https:\/\/viverospounou.com\/es\/wp-json\/wp\/v2\/users\/1\/"}],"replies":[{"embeddable":true,"href":"https:\/\/viverospounou.com\/es\/wp-json\/wp\/v2\/comments\/?post=3944"}],"version-history":[{"count":0,"href":"https:\/\/viverospounou.com\/es\/wp-json\/wp\/v2\/pages\/3944\/revisions\/"}],"wp:attachment":[{"href":"https:\/\/viverospounou.com\/es\/wp-json\/wp\/v2\/media\/?parent=3944"}],"curies":[{"name":"wp","href":"https:\/\/api.w.org\/{rel}","templated":true}]}}