{"id":3953,"date":"2020-10-22T11:59:04","date_gmt":"2020-10-22T11:59:04","guid":{"rendered":"https:\/\/viverospounou.com\/?page_id=3953"},"modified":"2020-10-28T11:46:42","modified_gmt":"2020-10-28T11:46:42","slug":"aviso-legal","status":"publish","type":"page","link":"https:\/\/viverospounou.com\/es\/aviso-legal\/","title":{"rendered":"Aviso Legal"},"content":{"rendered":"\n<h2>AVISO LEGAL<\/h2>\n\n\n\n<p>De conformidad con lo dispuesto en los art\u00edculos 10 y 11 de la Ley 34\/ 2002, de 11 de julio, de Servicios de la Sociedad de la Informaci\u00f3n y de Comercio Electr\u00f3nico se pone a disposici\u00f3n de los usuarios y visitantes la informaci\u00f3n legal relativa a la Entidad propietaria del sitio web ubicado en la direcci\u00f3n de Internet viverospounou.com<\/p>\n\n\n\n<h2>TITULAR DE LA P\u00c1GINA WEB<\/h2>\n\n\n\n<p>Denominaci\u00f3n social Vivers Pou Nou SAT con CIF: V07201999, Inscrito en el Registro Mercantil de Islas Baleares Domicilio: C\/ Cristobal Col\u00f3n, 26, 07260 \u2013 Porreres \u2013 Espa\u00f1a Direcci\u00f3n de correo electr\u00f3nico: vpounou@gmail.com. Tel\u00e9fono: 971 647 407 ACTIVIDAD: Mantenimiento de jardines.<\/p>\n\n\n\n<p>Para navegar en esta p\u00e1gina web como visitante o para registrarse y poder acceder a los servicios ofrecidos por viverospounou.com, se deber\u00e1n aceptar las siguientes condiciones de servicio:<\/p>\n\n\n\n<p>A) El usuario y el navegante asumen estas condiciones de servicio.<\/p>\n\n\n\n<p>B) Si el usuario o el navegante no aceptan estas condiciones, no podr\u00e1n usar esta p\u00e1gina web, ni acceder a los servicios que ofrece Vivers Pou Nou SAT<\/p>\n\n\n\n<h2>USO CORRECTO DE LA P\u00c1GINA WEB<\/h2>\n\n\n\n<p>a) Las presentes Condiciones de Uso regulan el acceso y utilizaci\u00f3n de la p\u00e1gina web viverospounou.com La utilizaci\u00f3n de esta Web le atribuye la condici\u00f3n de usuario de la misma desde el acceso e inicio de la navegaci\u00f3n por la misma. Desde el momento de acceso a cualquiera de sus contenidos el usuario acepta de manera expresa las presentes condiciones generales. El usuario acepta las condiciones particulares aplicables de los diferentes servicios que oferta la entidad en la web a la que accede.<\/p>\n\n\n\n<p>b) A trav\u00e9s de la p\u00e1gina web, Vivers Pou Nou SAT facilita a los Usuarios el acceso y la utilizaci\u00f3n de diversa informaci\u00f3n y servicios.<\/p>\n\n\n\n<p>c) La p\u00e1gina web tiene car\u00e1cter gratuito para los Usuarios. El Usuario se compromete a utilizar la p\u00e1gina web de conformidad con la Ley, con las disposiciones de estas Condiciones Generales, as\u00ed como con la moral y buenas costumbres generalmente aceptadas y el orden p\u00fablico.<\/p>\n\n\n\n<p>d) Con car\u00e1cter general para la prestaci\u00f3n de los servicios y el acceso a la informaci\u00f3n de la p\u00e1gina web no se exige la previa suscripci\u00f3n o registro de los Usuarios. No obstante, Vivers Pou Nou SAT condiciona la utilizaci\u00f3n de algunos de los Servicios a la previa cumplimentaci\u00f3n del correspondiente registro o formulario de recogida de datos del Usuario. El citado registro se efectuar\u00e1 en la forma expresamente indicada en el propio servicio o en las Condiciones Particulares que, en su caso, lo regulen.<\/p>\n\n\n\n<p>e) El usuario se obliga desde la aceptaci\u00f3n a realizar un uso de la p\u00e1gina web viverospounou.com, los contenidos y sus servicios de conformidad con la ley, las buenas costumbres y el orden p\u00fablico, empleando la diligencia adecuada a la naturaleza del servicio del que disfruta a trav\u00e9s de la p\u00e1gina web viverospounou.com.<\/p>\n\n\n\n<h2>MODIFICACIONES<\/h2>\n\n\n\n<p>La entidad se reserva el derecho a modificar, unilateralmente, en cualquier momento y sin previo aviso las presentes condiciones. En estos casos se proceder\u00e1 a su publicaci\u00f3n y aviso con la m\u00e1xima antelaci\u00f3n posible. De igual modo, se reserva el derecho a modificar, unilateralmente, en cualquier momento y sin previo aviso, la presentaci\u00f3n y configuraci\u00f3n de la Web.<\/p>\n\n\n\n<h2>ENLACES CON TERCEROS<\/h2>\n\n\n\n<p>El presente Aviso Legal se refiere \u00fanicamente a la p\u00e1gina web y contenidos de la entidad, y no se aplica a los enlaces o a las p\u00e1ginas web de terceros accesibles a trav\u00e9s de la p\u00e1gina web. La entidad no es responsable del contenido de ninguna de las p\u00e1ginas web de destino de un enlace, ni de ning\u00fan enlace incluido en una p\u00e1gina web a la que se llegue desde la web de la entidad.<\/p>\n\n\n\n<h2>PROPIEDAD INTELECTUAL E INDUSTRIAL<\/h2>\n\n\n\n<p>Todos los contenidos de la p\u00e1gina Web son titularidad exclusiva de la entidad y, con car\u00e1cter enunciativo, que no limitativo, el dise\u00f1o gr\u00e1fico, c\u00f3digo fuente, logos, textos, gr\u00e1ficos, ilustraciones, fotograf\u00edas, y dem\u00e1s elementos que aparecen en la p\u00e1gina web. As\u00ed mismo los nombres comerciales, marcas o signos distintivos de cualquier clase contenidos en la p\u00e1gina Web est\u00e1n protegidos por la Ley de propiedad intelectual e industrial. Corresponde a la entidad el ejercicio exclusivo de los derechos de explotaci\u00f3n de la propiedad intelectual mencionada, en cualquier forma y, en especial, los derechos de reproducci\u00f3n, distribuci\u00f3n, comunicaci\u00f3n p\u00fablica. El usuario tiene prohibido cualquier uso no consentido total o parcial de cualquiera de los contenidos de la p\u00e1gina web que integran los derechos de propiedad intelectual o industrial de la entidad sobre la p\u00e1gina y\/o sus contenidos.<\/p>\n\n\n\n<p>La entidad se reserva el derecho a realizar cualquier tipo de acci\u00f3n legal contra cualquier usuario que realice una acci\u00f3n que implique reproducci\u00f3n, distribuci\u00f3n, comercializaci\u00f3n, transformaci\u00f3n y, en general, cualquier otra forma de explotaci\u00f3n, por cualquier procedimiento, de todo o parte de los contenidos de la p\u00e1gina Web y que constituya una infracci\u00f3n de los derechos de propiedad intelectual y\/o industrial de la misma.<\/p>\n\n\n\n<h2>NOTIFICACIONES<\/h2>\n\n\n\n<p>A los efectos de las presentes Condiciones Generales, y para cualquier comunicaci\u00f3n que sea precisa entre la entidad y el Usuario, estos deber\u00e1n dirigirse mediante el correo electr\u00f3nico vpounou@gmail.com. Las comunicaciones de la entidad al Usuario se realizar\u00e1n conforme a los datos aportados por \u00e9ste al registrarse en la p\u00e1gina web viverospounou.com El Usuario acepta expresamente y para todas las comunicaciones relacionadas con la utilizaci\u00f3n de la p\u00e1gina web y\/o la contrataci\u00f3n de los servicios en \u00e9l ofertados, la utilizaci\u00f3n del correo electr\u00f3nico como procedimiento v\u00e1lido para la remisi\u00f3n de dichas comunicaciones.<\/p>\n\n\n\n<h2>LEGISLACI\u00d3N APLICABLE SUMISI\u00d3N A FUERO<\/h2>\n\n\n\n<p>Las presentes condiciones se regir\u00e1n por la legislaci\u00f3n espa\u00f1ola, que ser\u00e1 de aplicaci\u00f3n en lo no dispuesto en este contrato en materia de interpretaci\u00f3n, validez y ejecuci\u00f3n. Las partes renuncian expresamente al fuero que les pudiera corresponder y someten expresamente a los Juzgados y Tribunales de Palma de Mallorca para resolver cualquier controversia que pueda surgir en la interpretaci\u00f3n o ejecuci\u00f3n de las presentes condiciones contractuales.<\/p>\n","protected":false},"excerpt":{"rendered":"<p>AVISO LEGAL De conformidad con lo dispuesto en los art\u00edculos 10 y 11 de la Ley 34\/ 2002, de 11 de julio, de Servicios de la Sociedad de la Informaci\u00f3n y de Comercio Electr\u00f3nico se pone a disposici\u00f3n de los usuarios y visitantes la informaci\u00f3n legal relativa a la Entidad propietaria del sitio web ubicado [&hellip;]<\/p>\n","protected":false},"author":1,"featured_media":0,"parent":0,"menu_order":0,"comment_status":"closed","ping_status":"closed","template":"","meta":[],"_links":{"self":[{"href":"https:\/\/viverospounou.com\/es\/wp-json\/wp\/v2\/pages\/3953\/"}],"collection":[{"href":"https:\/\/viverospounou.com\/es\/wp-json\/wp\/v2\/pages\/"}],"about":[{"href":"https:\/\/viverospounou.com\/es\/wp-json\/wp\/v2\/types\/page\/"}],"author":[{"embeddable":true,"href":"https:\/\/viverospounou.com\/es\/wp-json\/wp\/v2\/users\/1\/"}],"replies":[{"embeddable":true,"href":"https:\/\/viverospounou.com\/es\/wp-json\/wp\/v2\/comments\/?post=3953"}],"version-history":[{"count":0,"href":"https:\/\/viverospounou.com\/es\/wp-json\/wp\/v2\/pages\/3953\/revisions\/"}],"wp:attachment":[{"href":"https:\/\/viverospounou.com\/es\/wp-json\/wp\/v2\/media\/?parent=3953"}],"curies":[{"name":"wp","href":"https:\/\/api.w.org\/{rel}","templated":true}]}}