{"id":3957,"date":"2020-10-22T12:07:46","date_gmt":"2020-10-22T12:07:46","guid":{"rendered":"https:\/\/viverospounou.com\/?page_id=3957"},"modified":"2020-10-27T08:32:00","modified_gmt":"2020-10-27T08:32:00","slug":"politica-de-cookies","status":"publish","type":"page","link":"https:\/\/viverospounou.com\/es\/politica-de-cookies\/","title":{"rendered":"Pol\u00edtica de Cookies"},"content":{"rendered":"\n<p>P<strong>OL\u00cdTICA DE COOKIES<\/strong><\/p>\n\n\n\n<p>VIVERS POU NOU SAT con CIF: V07201999, Domicilio: C\/ Crist\u00f3bal Col\u00f3n, 26 \u2013 07260 \u2013 Porreres -Espa\u00f1aDirecci\u00f3n de correo electr\u00f3nico: vpounou@gmail.com.com. Tel\u00e9fono: 971 647 407 y web: viverospounou.com informa al usuario de manera expresa que, de &nbsp;conformidad con el art. 22.2 de la Ley 34\/2002, de 11 de julio, de servicios de la sociedad de la informaci\u00f3n y de comercio electr\u00f3nico (LSSI), esta web utiliza \u2018cookies\u2019 &nbsp;propias y de terceros para ofrecerle una mejor experiencia y servicio. Al navegar o utilizar nuestros servicios, el usuario acepta de manera expresa el uso que hacemos de &nbsp;&nbsp;las \u2018cookies\u2019. Sin embargo, el usuario tiene la opci\u00f3n de impedir la generaci\u00f3n de \u2018cookies\u2019 y la eliminaci\u00f3n de las mismas mediante la selecci\u00f3n de la correspondiente opci\u00f3n en su navegador. En caso de bloquear el uso de \u2018cookies\u2019 en su &nbsp;&nbsp;navegador, es posible que algunos servicios o funcionalidades de la p\u00e1gina web no est\u00e9n disponibles. *Se entienden por Cookies propias: Aquellas que se env\u00edan al equipo terminal del usuario desde un equipo o dominio gestionado por el propio &nbsp;&nbsp;editor, y desde el que se presta el servicio solicitado por el usuario.<\/p>\n\n\n\n<p><strong>\u00bfQu\u00e9 es una \u2018cookie\u2019?<\/strong><\/p>\n\n\n\n<p>Una \u2018cookie\u2019 es un fichero que &nbsp;&nbsp;se descarga en los sitios web y que determinadas p\u00e1ginas web env\u00edan al navegador, y que se almacenan en el terminal del &nbsp;&nbsp;usuario, el cual puede ser un ordenador personal, un tel\u00e9fono m\u00f3vil, una tableta, etc. Estos archivos permiten que el sitio web &nbsp;&nbsp;recuerde informaci\u00f3n sobre su visita, como el idioma y las opciones preferidas, lo que le puede permitir recuperar informaci\u00f3n sobre la navegaci\u00f3n que se efect\u00faa desde su equipo, de esta manera se pretende facilitar su pr\u00f3xima visita y hacer que el sitio &nbsp;&nbsp;resulte m\u00e1s \u00fatil al personalizar su contenido.<\/p>\n\n\n\n<p><strong>\u00bfC\u00f3mo se utilizan las \u2018cookies\u2019?<\/strong><\/p>\n\n\n\n<p>Al navegar por esta p\u00e1gina web, el usuario &nbsp;&nbsp;est\u00e1 aceptando que se puedan instalar \u2018cookies\u2019 en su terminal y &nbsp;que nos permiten conocer la siguiente informaci\u00f3n:<\/p>\n\n\n\n<ul><li>Informaci\u00f3n estad\u00edstica del uso de la web.<\/li><li>El login del usuario para mantener la sesi\u00f3n activa en la web.<\/li><li>El &nbsp;&nbsp;formato &nbsp;de la web preferente en el acceso desde dispositivos m\u00f3viles.<\/li><li>Las \u00faltimas b\u00fasquedas realizadas en los servicios de &nbsp;&nbsp;la web y datos de personalizaci\u00f3n de estos servicios.<\/li><li>Informaci\u00f3n sobre los anuncios que se muestran al &nbsp;&nbsp;usuario.<\/li><li>Informaci\u00f3n de las encuestas en las que ha participado el usuario<\/li><li>Datos de la conexi\u00f3n con las &nbsp;redes sociales para los usuarios que acceden con su usuario de Facebook o Twitter.<\/li><\/ul>\n\n\n\n<p><strong>Tipos de \u2018cookies\u2019 utilizadas<\/strong><\/p>\n\n\n\n<p>Esta web utiliza tanto &nbsp;&nbsp;\u2018cookies\u2019 temporales de sesi\u00f3n como \u2018cookies\u2019 permanentes. Las \u2018cookies\u2019 de sesi\u00f3n almacenan datos \u00fanicamente mientras el &nbsp;&nbsp;usuario accede a la web, y las \u2018cookies\u2019 permanentes almacenan los datos en el terminal para que sean accedidos y utilizados &nbsp;&nbsp;en m\u00e1s de una sesi\u00f3n. Se suelen emplear para almacenar informaci\u00f3n que s\u00f3lo interesa conservar para la prestaci\u00f3n del servicio solicitado por el usuario en una sola ocasi\u00f3n.<\/p>\n\n\n\n<p>Seg\u00fan la finalidad para la que se traten los datos obtenidos a trav\u00e9s de &nbsp;&nbsp;las \u2018cookies\u2019, el web puede utilizar:<\/p>\n\n\n\n<p><strong>\u2018Cookies\u2019 t\u00e9cnicas:<\/strong><\/p>\n\n\n\n<p>Son aquellas que permiten al usuario la navegaci\u00f3n a trav\u00e9s de una &nbsp;&nbsp;p\u00e1gina web, plataforma o aplicaci\u00f3n y la utilizaci\u00f3n de las diferentes &nbsp;opciones o servicios que en ella existan como, por ejemplo, controlar el tr\u00e1fico y la comunicaci\u00f3n de datos, identificar la sesi\u00f3n, acceder a partes de acceso restringido, &nbsp;recordar los elementos que integran un pedido, realizar el proceso de compra de un pedido, realizar la solicitud de inscripci\u00f3n o participaci\u00f3n en un evento, utilizar elementos de seguridad durante la navegaci\u00f3n, almacenar contenidos para la difusi\u00f3n de &nbsp;&nbsp;videos o sonido o compartir contenidos a trav\u00e9s de redes sociales.<\/p>\n\n\n\n<p><strong>\u2018Cookies\u2019 &nbsp;de personalizaci\u00f3n<\/strong><\/p>\n\n\n\n<p>Son aquellas que &nbsp;&nbsp;permiten al usuario acceder al servicio con algunas caracter\u00edsticas de car\u00e1cter general predefinidas en funci\u00f3n de una serie de criterios en el terminal del usuario como por ejemplo serian el idioma, el tipo de navegador a trav\u00e9s del cual accede al servicio, &nbsp;&nbsp;la configuraci\u00f3n regional desde donde accede al servicio, la geolocalizaci\u00f3n del terminal y la configuraci\u00f3n regional desde donde se accede al servicio.<\/p>\n\n\n\n<p><strong>\u2018Cookies\u2019 publicitarias<\/strong><\/p>\n\n\n\n<p>Son aquellas que permiten la &nbsp;gesti\u00f3n, de la forma m\u00e1s eficaz posible, &nbsp;&nbsp;de los espacios publicitarios que, en su caso, el editor haya incluido en una p\u00e1gina web, aplicaci\u00f3n o plataforma desde la que presta el servicio solicitado en base a criterios como el contenido editado o la frecuencia en la que se muestran los anuncios. &nbsp;<\/p>\n\n\n\n<p><strong>\u2018Cookies\u2019 de publicidad &nbsp;comportamental<\/strong><\/p>\n\n\n\n<p>Son aquellas que permiten la gesti\u00f3n, de la forma m\u00e1s eficaz posible, de los &nbsp;&nbsp;espacios publicitarios que, en su caso, el editor haya incluido en una p\u00e1gina web, aplicaci\u00f3n o plataforma desde la que presta &nbsp;&nbsp;el servicio solicitado. Estas cookies almacenan informaci\u00f3n del comportamiento de los usuarios obtenida a trav\u00e9s de la observaci\u00f3n continuada de sus h\u00e1bitos de navegaci\u00f3n, lo que permite desarrollar un perfil espec\u00edfico para mostrar publicidad &nbsp;&nbsp;en funci\u00f3n del mismo.<\/p>\n\n\n\n<p><strong>Cookies\u2019 de an\u00e1lisis estad\u00edsticos<\/strong><\/p>\n\n\n\n<p>Son aquellas que permiten realizar el seguimiento y an\u00e1lisis del &nbsp;&nbsp;comportamiento de los usuarios en los sitios web. La informaci\u00f3n recogida mediante este tipo de \u2018cookies\u2019 se utiliza en la &nbsp;&nbsp;medici\u00f3n de la actividad de los sitios web, aplicaci\u00f3n o plataforma y para la elaboraci\u00f3n de perfiles de navegaci\u00f3n de los usuarios de dichos sitios, con el fin de introducir mejoras en el servicio en funci\u00f3n de los datos de uso que hacen los &nbsp;&nbsp;usuarios.<\/p>\n\n\n\n<p><strong>Cookies de &nbsp;terceros<\/strong><\/p>\n\n\n\n<p>Son aquellas que se env\u00edan al equipo terminal del usuario desde un equipo o dominio que no &nbsp;&nbsp;es gestionado por el editor, sino por otra entidad que trata los datos obtenidos trav\u00e9s de las cookies. En algunas p\u00e1ginas web &nbsp;&nbsp;se pueden instalar \u2018cookies\u2019 de terceros que permiten gestionar y mejorar los servicios ofrecidos. Por ejemplo, servicios estad\u00edsticos de Google Analytics y Comscore.<\/p>\n\n\n\n<p>En particular, este sitio web utiliza Google Analytics, un servicio anal\u00edtico de web prestado por Google, Inc. con domicilio en los Estados Unidos con sede central en 1600 Amphitheatre Parkway, Mountain View, California 94043. Para la prestaci\u00f3n de estos servicios, Google utiliza cookies que recopilan la informaci\u00f3n, incluida la direcci\u00f3n IP del usuario, que ser transmitida, tratada y almacenada por Google en los t\u00e9rminos fijados en la web Google.com. Esto incluye la posible transmisi\u00f3n de dicha informaci\u00f3n a terceros por razones de exigencia legal o cuando dichos terceros procesen la informaci\u00f3n por cuenta de Google.<\/p>\n\n\n\n<p><strong>\u00bfC\u00f3mo administrar \u2018cookies\u2019 en el navegador?<\/strong><\/p>\n\n\n\n<p>El &nbsp;&nbsp;usuario tiene la opci\u00f3n de permitir, bloquear o eliminar las &nbsp;\u2018cookies\u2019 instaladas en su equipo mediante la configuraci\u00f3n de las &nbsp;&nbsp;opciones del navegador instalado en su terminal.<\/p>\n\n\n\n<p><strong>GESTIONAR Y RECHAZAR EL USO DE COOKIES<\/strong><\/p>\n\n\n\n<p>Esta web utiliza el servicio de Google Analytics para recopilar estad\u00edsticas an\u00f3nimas de uso del sitio. M\u00e1s informaci\u00f3n sobre las cookies usadas por&nbsp;<a href=\"https:\/\/developers.google.com\/analytics\/devguides\/collection\/analyticsjs\/cookie-usage\" target=\"_blank\" rel=\"noopener\">Google Analytics<\/a>.<\/p>\n\n\n\n<p>En cualquier momento, puedes adaptar la configuraci\u00f3n del navegador para gestionar, desestimar el uso de cookies y ser notificado antes de que se descarguen.<\/p>\n\n\n\n<p>Tambi\u00e9n puedes adaptar la configuraci\u00f3n de forma que el navegador rechace todas las cookies, o \u00fanicamente las \u201ccookies\u201dde terceros. Y tambi\u00e9n puedes eliminar cualquiera de las \u201ccookies\u201dque ya se encuentren en tu equipo.<\/p>\n\n\n\n<p>Para esto, debes tener en cuenta que tendr\u00e1s que adaptar por separado la configuraci\u00f3n de cada navegador y equipo que utilices ya que, como te hemos comentado anteriormente las cookies se asocian al navegador, no a la persona.<\/p>\n\n\n\n<p>Google Chrome <a href=\"https:\/\/support.google.com\/chrome\/answer\/95647?hl=es-419\" target=\"_blank\" rel=\"noopener\">https:\/\/support.google.com\/chrome\/answer\/95647?hl=es-419<\/a><\/p>\n\n\n\n<p>Internet Explorer <a href=\"https:\/\/support.microsoft.com\/es-es\/help\/17442\/windows-internet-explorer-delete-manage-cookies#ie=ie-10\" target=\"_blank\" aria-label=\"https:\/\/support.microsoft.com\/es-es\/help\/17442\/windows-internet-explorer-delete-manage-cookies#ie=ie-10 (opens in a new tab)\" rel=\"noreferrer noopener\" class=\"rank-math-link\">https:\/\/support.microsoft.com\/es-es\/help\/17442\/windows-internet-explorer-delete-manage-cookies#ie=ie-10<\/a><\/p>\n\n\n\n<p>Mozilla Firefox<a href=\"https:\/\/support.mozilla.org\/es\/kb\/habilitar-y-deshabilitar-cookies-sitios-web-rastrear-preferencias?redirectlocale=es&amp;redirectslug=habilitar-y-deshabilitar-cookies-que-los-sitios-we\" target=\"_blank\" aria-label=\" https:\/\/support.mozilla.org\/es\/kb\/habilitar-y-deshabilitar-cookies-sitios-web-rastrear-preferencias?redirectlocale=es&amp;redirectslug=habilitar-y-deshabilitar-cookies-que-los-sitios-we (opens in a new tab)\" rel=\"noreferrer noopener\" class=\"rank-math-link\"> https:\/\/support.mozilla.org\/es\/kb\/habilitar-y-deshabilitar-cookies-sitios-web-rastrear-preferencias?redirectlocale=es&amp;redirectslug=habilitar-y-deshabilitar-cookies-que-los-sitios-we<\/a><\/p>\n\n\n\n<p>Apple Safari <a href=\"https:\/\/support.apple.com\/es-es\/HT201265\" target=\"_blank\" aria-label=\" (opens in a new tab)\" rel=\"noreferrer noopener\" class=\"rank-math-link\">https:\/\/support.apple.com\/es-es\/HT201265<\/a><\/p>\n","protected":false},"excerpt":{"rendered":"<p>POL\u00cdTICA DE COOKIES VIVERS POU NOU SAT con CIF: V07201999, Domicilio: C\/ Crist\u00f3bal Col\u00f3n, 26 \u2013 07260 \u2013 Porreres -Espa\u00f1aDirecci\u00f3n de correo electr\u00f3nico: vpounou@gmail.com.com. Tel\u00e9fono: 971 647 407 y web: viverospounou.com informa al usuario de manera expresa que, de &nbsp;conformidad con el art. 22.2 de la Ley 34\/2002, de 11 de julio, de servicios de [&hellip;]<\/p>\n","protected":false},"author":1,"featured_media":0,"parent":0,"menu_order":0,"comment_status":"closed","ping_status":"closed","template":"","meta":[],"_links":{"self":[{"href":"https:\/\/viverospounou.com\/es\/wp-json\/wp\/v2\/pages\/3957\/"}],"collection":[{"href":"https:\/\/viverospounou.com\/es\/wp-json\/wp\/v2\/pages\/"}],"about":[{"href":"https:\/\/viverospounou.com\/es\/wp-json\/wp\/v2\/types\/page\/"}],"author":[{"embeddable":true,"href":"https:\/\/viverospounou.com\/es\/wp-json\/wp\/v2\/users\/1\/"}],"replies":[{"embeddable":true,"href":"https:\/\/viverospounou.com\/es\/wp-json\/wp\/v2\/comments\/?post=3957"}],"version-history":[{"count":0,"href":"https:\/\/viverospounou.com\/es\/wp-json\/wp\/v2\/pages\/3957\/revisions\/"}],"wp:attachment":[{"href":"https:\/\/viverospounou.com\/es\/wp-json\/wp\/v2\/media\/?parent=3957"}],"curies":[{"name":"wp","href":"https:\/\/api.w.org\/{rel}","templated":true}]}}